{"id":6683,"date":"2024-08-15T11:58:50","date_gmt":"2024-08-15T11:58:50","guid":{"rendered":"https:\/\/demo.awaikenthemes.com\/novaride\/?page_id=6683"},"modified":"2026-03-13T06:11:05","modified_gmt":"2026-03-13T06:11:05","slug":"airport-transfer","status":"publish","type":"page","link":"https:\/\/aztransport.az\/en\/service\/airport-transfer\/","title":{"rendered":"Airport Transfer"},"content":{"rendered":"<div data-elementor-type=\"wp-page\" data-elementor-id=\"6683\" class=\"elementor elementor-6683\">\n\t\t\t\t<div class=\"elementor-element elementor-element-9c5c13e e-con-full e-flex e-con e-parent\" data-id=\"9c5c13e\" data-element_type=\"container\">\n\t\t<div class=\"elementor-element elementor-element-41df74a bg-section e-flex e-con-boxed e-con e-child\" data-id=\"41df74a\" data-element_type=\"container\" data-settings=\"{&quot;background_background&quot;:&quot;classic&quot;}\">\n\t\t\t\t\t<div class=\"e-con-inner\">\n\t\t<div class=\"elementor-element elementor-element-024839b e-con-full e-flex e-con e-child\" data-id=\"024839b\" data-element_type=\"container\">\n\t\t\t\t<div class=\"elementor-element elementor-element-c3bd570 at-heading-animation at-animation-heading-style-3 elementor-widget elementor-widget-heading\" data-id=\"c3bd570\" data-element_type=\"widget\" data-settings=\"{&quot;ekit_we_effect_on&quot;:&quot;none&quot;}\" data-widget_type=\"heading.default\">\n\t\t\t\t\t<h1 class=\"elementor-heading-title elementor-size-default\">Airport Transfer<\/h1>\t\t\t\t<\/div>\n\t\t\t\t<div class=\"elementor-element elementor-element-c1edb20 breadcrumb-style elementor-invisible elementor-widget elementor-widget-elementskit-breadcrumb\" data-id=\"c1edb20\" data-element_type=\"widget\" data-settings=\"{&quot;_animation&quot;:&quot;fadeInUp&quot;,&quot;ekit_we_effect_on&quot;:&quot;none&quot;}\" data-widget_type=\"elementskit-breadcrumb.default\">\n\t\t\t\t<div class=\"elementor-widget-container\">\n\t\t\t\t\t<div class=\"ekit-wid-con\" ><ol class=\"ekit-breadcrumb\"><li class=\"ekit_breadcrumbs_start\"><a href=\"https:\/\/aztransport.az\/en\/\">Home<\/a><\/li> <li class=\"brd_sep\"><span class=\"separate_icon\"><svg xmlns=\"http:\/\/www.w3.org\/2000\/svg\" width=\"7\" height=\"12\" viewbox=\"0 0 7 12\"><path d=\"M0.283883 11.68L4.95988 0.129999H6.70988L2.03388 11.68H0.283883Z\" fill=\"white\"><\/path><\/svg><\/span><\/li> <li><a href=\"https:\/\/aztransport.az\/en\/service\/\" title=\"Service\">Service<\/a><\/li> <li class=\"brd_sep\"><span class=\"separate_icon\"><svg xmlns=\"http:\/\/www.w3.org\/2000\/svg\" width=\"7\" height=\"12\" viewbox=\"0 0 7 12\"><path d=\"M0.283883 11.68L4.95988 0.129999H6.70988L2.03388 11.68H0.283883Z\" fill=\"white\"><\/path><\/svg><\/span><\/li>  <li>Airport Transfer<\/li><\/ol><\/div>\t\t\t\t<\/div>\n\t\t\t\t<\/div>\n\t\t\t\t<\/div>\n\t\t\t\t\t<\/div>\n\t\t\t\t<\/div>\n\t\t\t\t<\/div>\n\t\t<div class=\"elementor-element elementor-element-585283d e-flex e-con-boxed e-con e-parent\" data-id=\"585283d\" data-element_type=\"container\">\n\t\t\t\t\t<div class=\"e-con-inner\">\n\t\t<div class=\"elementor-element elementor-element-334a460 e-con-full e-flex e-con e-child\" data-id=\"334a460\" data-element_type=\"container\">\n\t\t<div class=\"elementor-element elementor-element-2695c89 e-con-full sticky-column e-flex e-con e-child\" data-id=\"2695c89\" data-element_type=\"container\">\n\t\t\t\t<div class=\"elementor-element elementor-element-0a1453d elementor-widget elementor-widget-novaride-elementor-template\" data-id=\"0a1453d\" data-element_type=\"widget\" data-settings=\"{&quot;ekit_we_effect_on&quot;:&quot;none&quot;}\" data-widget_type=\"novaride-elementor-template.default\">\n\t\t\t\t<div class=\"elementor-widget-container\">\n\t\t\t\t\t\t\t<div class=\"elementor-template\">\n\t\t\t\t\t<\/div>\n\t\t\t\t\t\t<\/div>\n\t\t\t\t<\/div>\n\t\t\t\t<\/div>\n\t\t\t\t<\/div>\n\t\t<div class=\"elementor-element elementor-element-ba8132e e-con-full e-flex e-con e-child\" data-id=\"ba8132e\" data-element_type=\"container\">\n\t\t<div class=\"elementor-element elementor-element-c94077a e-con-full e-flex e-con e-child\" data-id=\"c94077a\" data-element_type=\"container\">\n\t\t\t\t<div class=\"elementor-element elementor-element-88a3b86 image-anime at-image-animation at-animation-image-style-1 elementor-widget elementor-widget-image\" data-id=\"88a3b86\" data-element_type=\"widget\" data-settings=\"{&quot;ekit_we_effect_on&quot;:&quot;none&quot;}\" data-widget_type=\"image.default\">\n\t\t\t\t\t\t\t\t\t\t\t\t\t\t\t<img fetchpriority=\"high\" decoding=\"async\" width=\"2560\" height=\"1253\" src=\"https:\/\/aztransport.az\/wp-content\/uploads\/2026\/02\/airport-service-scaled.png\" class=\"attachment-full size-full wp-image-9409\" alt=\"atlantis transport airport transfer\" srcset=\"https:\/\/aztransport.az\/wp-content\/uploads\/2026\/02\/airport-service-scaled.png 2560w, https:\/\/aztransport.az\/wp-content\/uploads\/2026\/02\/airport-service-300x147.png 300w, https:\/\/aztransport.az\/wp-content\/uploads\/2026\/02\/airport-service-1024x501.png 1024w, https:\/\/aztransport.az\/wp-content\/uploads\/2026\/02\/airport-service-768x376.png 768w, https:\/\/aztransport.az\/wp-content\/uploads\/2026\/02\/airport-service-1536x752.png 1536w, https:\/\/aztransport.az\/wp-content\/uploads\/2026\/02\/airport-service-2048x1002.png 2048w, https:\/\/aztransport.az\/wp-content\/uploads\/2026\/02\/airport-service-18x9.png 18w, https:\/\/aztransport.az\/wp-content\/uploads\/2026\/02\/airport-service-410x201.png 410w\" sizes=\"(max-width: 2560px) 100vw, 2560px\" \/>\t\t\t\t\t\t\t\t\t\t\t\t\t\t\t<\/div>\n\t\t\t\t<\/div>\n\t\t<div class=\"elementor-element elementor-element-4e9434e e-con-full e-flex e-con e-child\" data-id=\"4e9434e\" data-element_type=\"container\">\n\t\t\t\t<div class=\"elementor-element elementor-element-51e748c at-heading-animation at-animation-heading-style-3 elementor-widget elementor-widget-heading\" data-id=\"51e748c\" data-element_type=\"widget\" data-settings=\"{&quot;ekit_we_effect_on&quot;:&quot;none&quot;}\" data-widget_type=\"heading.default\">\n\t\t\t\t\t<h2 class=\"elementor-heading-title elementor-size-default\">Convenient Airport Pickup<\/h2>\t\t\t\t<\/div>\n\t\t\t\t<div class=\"elementor-element elementor-element-ca37462 elementor-invisible elementor-widget elementor-widget-text-editor\" data-id=\"ca37462\" data-element_type=\"widget\" data-settings=\"{&quot;_animation&quot;:&quot;fadeInUp&quot;,&quot;_animation_delay&quot;:100,&quot;ekit_we_effect_on&quot;:&quot;none&quot;}\" data-widget_type=\"text-editor.default\">\n\t\t\t\t\t\t\t\t\tStart or end your trip on a positive note. Our airport transfer service takes the stress out of waiting in terminals. We track your flight in real time so your driver is waiting for you from the moment you land. We offer seamless service from the moment you step off the plane to your destination.\t\t\t\t\t\t\t\t<\/div>\n\t\t\t\t<\/div>\n\t\t<div class=\"elementor-element elementor-element-4bf166c e-con-full e-flex e-con e-child\" data-id=\"4bf166c\" data-element_type=\"container\">\n\t\t\t\t<div class=\"elementor-element elementor-element-bc31644 elementor-align-left column-2 elementor-icon-list--layout-traditional elementor-list-item-link-full_width elementor-invisible elementor-widget elementor-widget-icon-list\" data-id=\"bc31644\" data-element_type=\"widget\" data-settings=\"{&quot;_animation&quot;:&quot;fadeInUp&quot;,&quot;_animation_delay&quot;:100,&quot;ekit_we_effect_on&quot;:&quot;none&quot;}\" data-widget_type=\"icon-list.default\">\n\t\t\t\t\t\t\t<ul class=\"elementor-icon-list-items\">\n\t\t\t\t\t\t\t<li class=\"elementor-icon-list-item\">\n\t\t\t\t\t\t\t\t\t\t\t<span class=\"elementor-icon-list-icon\">\n\t\t\t\t\t\t\t<i aria-hidden=\"true\" class=\"fas fa-check-circle\"><\/i>\t\t\t\t\t\t<\/span>\n\t\t\t\t\t\t\t\t\t\t<span class=\"elementor-icon-list-text\">Real-time flight tracking<\/span>\n\t\t\t\t\t\t\t\t\t<\/li>\n\t\t\t\t\t\t\t\t<li class=\"elementor-icon-list-item\">\n\t\t\t\t\t\t\t\t\t\t\t<span class=\"elementor-icon-list-icon\">\n\t\t\t\t\t\t\t<i aria-hidden=\"true\" class=\"fas fa-check-circle\"><\/i>\t\t\t\t\t\t<\/span>\n\t\t\t\t\t\t\t\t\t\t<span class=\"elementor-icon-list-text\">Reception at the terminal<\/span>\n\t\t\t\t\t\t\t\t\t<\/li>\n\t\t\t\t\t\t\t\t<li class=\"elementor-icon-list-item\">\n\t\t\t\t\t\t\t\t\t\t\t<span class=\"elementor-icon-list-icon\">\n\t\t\t\t\t\t\t<i aria-hidden=\"true\" class=\"fas fa-check-circle\"><\/i>\t\t\t\t\t\t<\/span>\n\t\t\t\t\t\t\t\t\t\t<span class=\"elementor-icon-list-text\">Help with luggage<\/span>\n\t\t\t\t\t\t\t\t\t<\/li>\n\t\t\t\t\t\t\t\t<li class=\"elementor-icon-list-item\">\n\t\t\t\t\t\t\t\t\t\t\t<span class=\"elementor-icon-list-icon\">\n\t\t\t\t\t\t\t<i aria-hidden=\"true\" class=\"fas fa-check-circle\"><\/i>\t\t\t\t\t\t<\/span>\n\t\t\t\t\t\t\t\t\t\t<span class=\"elementor-icon-list-text\">Delivery from airport to address<\/span>\n\t\t\t\t\t\t\t\t\t<\/li>\n\t\t\t\t\t\t<\/ul>\n\t\t\t\t\t\t<\/div>\n\t\t\t\t<\/div>\n\t\t<div class=\"elementor-element elementor-element-d7afee6 e-con-full e-flex e-con e-child\" data-id=\"d7afee6\" data-element_type=\"container\">\n\t\t\t\t<div class=\"elementor-element elementor-element-8fcc8bc section-title at-heading-animation at-animation-heading-none elementor-invisible elementor-widget elementor-widget-heading\" data-id=\"8fcc8bc\" data-element_type=\"widget\" data-settings=\"{&quot;_animation&quot;:&quot;fadeInUp&quot;,&quot;ekit_we_effect_on&quot;:&quot;none&quot;}\" data-widget_type=\"heading.default\">\n\t\t\t\t\t<h3 class=\"elementor-heading-title elementor-size-default\">Frequently asked questions<\/h3>\t\t\t\t<\/div>\n\t\t\t\t<div class=\"elementor-element elementor-element-e33e206 at-heading-animation at-animation-heading-style-3 elementor-widget elementor-widget-heading\" data-id=\"e33e206\" data-element_type=\"widget\" data-settings=\"{&quot;ekit_we_effect_on&quot;:&quot;none&quot;}\" data-widget_type=\"heading.default\">\n\t\t\t\t\t<h2 class=\"elementor-heading-title elementor-size-default\">Basic information you need to know<\/h2>\t\t\t\t<\/div>\n\t\t\t\t<div class=\"elementor-element elementor-element-3477b7c faq-accordion elementor-invisible elementor-widget elementor-widget-elementskit-accordion\" data-id=\"3477b7c\" data-element_type=\"widget\" data-settings=\"{&quot;_animation&quot;:&quot;fadeInUp&quot;,&quot;_animation_delay&quot;:100,&quot;ekit_we_effect_on&quot;:&quot;none&quot;}\" data-widget_type=\"elementskit-accordion.default\">\n\t\t\t\t\t<div class=\"ekit-wid-con\" >\n        <div class=\"elementskit-accordion accoedion-primary\" id=\"accordion-69d11b829a60d\">\n\n            \n                <div class=\"elementskit-card active\">\n                    <div class=\"elementskit-card-header\" id=\"primaryHeading-0-3477b7c\">\n                        <a href=\"#collapse-41520fb69d11b829a60d\" class=\"ekit-accordion--toggler elementskit-btn-link collapsed\" data-ekit-toggle=\"collapse\" data-target=\"#Collapse-41520fb69d11b829a60d\" aria-expanded=\"true\" aria-controls=\"Collapse-41520fb69d11b829a60d\">\n                            \n                            <span class=\"ekit-accordion-title\">Are your drivers professional?<\/span>\n\n                            \n                                <div class=\"ekit_accordion_icon_group\">\n                                    <div class=\"ekit_accordion_normal_icon\">\n                                        <!-- Normal Icon -->\n\t\t\t\t\t\t\t\t\t\t<i class=\"fas fa-plus\"><\/i>                                    <\/div>\n\n                                    <div class=\"ekit_accordion_active_icon\">\n                                        <!-- Active Icon -->\n\t\t\t\t\t\t\t\t\t\t<i class=\"fas fa-minus\"><\/i>                                    <\/div>\n                                <\/div>\n\n                            \n                                                    <\/a>\n                    <\/div>\n\n                    <div id=\"Collapse-41520fb69d11b829a60d\" class=\"show collapse\" aria-labelledby=\"primaryHeading-0-3477b7c\" data-parent=\"#accordion-69d11b829a60d\">\n\n                        <div class=\"elementskit-card-body ekit-accordion--content\">\n                            Yes, all our drivers are experienced and trained in customer satisfaction.                        <\/div>\n\n                    <\/div>\n\n                <\/div><!-- .elementskit-card END -->\n\n                \n                <div class=\"elementskit-card\">\n                    <div class=\"elementskit-card-header\" id=\"primaryHeading-1-3477b7c\">\n                        <a href=\"#collapse-6f0fa8769d11b829a60d\" class=\"ekit-accordion--toggler elementskit-btn-link collapsed\" data-ekit-toggle=\"collapse\" data-target=\"#Collapse-6f0fa8769d11b829a60d\" aria-expanded=\"false\" aria-controls=\"Collapse-6f0fa8769d11b829a60d\">\n                            \n                            <span class=\"ekit-accordion-title\">How can I book a transfer?<\/span>\n\n                            \n                                <div class=\"ekit_accordion_icon_group\">\n                                    <div class=\"ekit_accordion_normal_icon\">\n                                        <!-- Normal Icon -->\n\t\t\t\t\t\t\t\t\t\t<i class=\"fas fa-plus\"><\/i>                                    <\/div>\n\n                                    <div class=\"ekit_accordion_active_icon\">\n                                        <!-- Active Icon -->\n\t\t\t\t\t\t\t\t\t\t<i class=\"fas fa-minus\"><\/i>                                    <\/div>\n                                <\/div>\n\n                            \n                                                    <\/a>\n                    <\/div>\n\n                    <div id=\"Collapse-6f0fa8769d11b829a60d\" class=\"collapse\" aria-labelledby=\"primaryHeading-1-3477b7c\" data-parent=\"#accordion-69d11b829a60d\">\n\n                        <div class=\"elementskit-card-body ekit-accordion--content\">\n                            You can make a reservation through the \"Make a Reservation\" section on the website or by contacting us by phone\/WhatsApp.\n                        <\/div>\n\n                    <\/div>\n\n                <\/div><!-- .elementskit-card END -->\n\n                \n                <div class=\"elementskit-card\">\n                    <div class=\"elementskit-card-header\" id=\"primaryHeading-2-3477b7c\">\n                        <a href=\"#collapse-8b7c7b469d11b829a60d\" class=\"ekit-accordion--toggler elementskit-btn-link collapsed\" data-ekit-toggle=\"collapse\" data-target=\"#Collapse-8b7c7b469d11b829a60d\" aria-expanded=\"false\" aria-controls=\"Collapse-8b7c7b469d11b829a60d\">\n                            \n                            <span class=\"ekit-accordion-title\">What areas do you provide services in?<\/span>\n\n                            \n                                <div class=\"ekit_accordion_icon_group\">\n                                    <div class=\"ekit_accordion_normal_icon\">\n                                        <!-- Normal Icon -->\n\t\t\t\t\t\t\t\t\t\t<i class=\"fas fa-plus\"><\/i>                                    <\/div>\n\n                                    <div class=\"ekit_accordion_active_icon\">\n                                        <!-- Active Icon -->\n\t\t\t\t\t\t\t\t\t\t<i class=\"fas fa-minus\"><\/i>                                    <\/div>\n                                <\/div>\n\n                            \n                                                    <\/a>\n                    <\/div>\n\n                    <div id=\"Collapse-8b7c7b469d11b829a60d\" class=\"collapse\" aria-labelledby=\"primaryHeading-2-3477b7c\" data-parent=\"#accordion-69d11b829a60d\">\n\n                        <div class=\"elementskit-card-body ekit-accordion--content\">\n                            We provide individual and group transportation to the airport, Baku city, and all regions.                        <\/div>\n\n                    <\/div>\n\n                <\/div><!-- .elementskit-card END -->\n\n                \n                <div class=\"elementskit-card\">\n                    <div class=\"elementskit-card-header\" id=\"primaryHeading-3-3477b7c\">\n                        <a href=\"#collapse-3bc9f3b69d11b829a60d\" class=\"ekit-accordion--toggler elementskit-btn-link collapsed\" data-ekit-toggle=\"collapse\" data-target=\"#Collapse-3bc9f3b69d11b829a60d\" aria-expanded=\"false\" aria-controls=\"Collapse-3bc9f3b69d11b829a60d\">\n                            \n                            <span class=\"ekit-accordion-title\">How is the price calculated and what are the payment methods?<\/span>\n\n                            \n                                <div class=\"ekit_accordion_icon_group\">\n                                    <div class=\"ekit_accordion_normal_icon\">\n                                        <!-- Normal Icon -->\n\t\t\t\t\t\t\t\t\t\t<i class=\"fas fa-plus\"><\/i>                                    <\/div>\n\n                                    <div class=\"ekit_accordion_active_icon\">\n                                        <!-- Active Icon -->\n\t\t\t\t\t\t\t\t\t\t<i class=\"fas fa-minus\"><\/i>                                    <\/div>\n                                <\/div>\n\n                            \n                                                    <\/a>\n                    <\/div>\n\n                    <div id=\"Collapse-3bc9f3b69d11b829a60d\" class=\"collapse\" aria-labelledby=\"primaryHeading-3-3477b7c\" data-parent=\"#accordion-69d11b829a60d\">\n\n                        <div class=\"elementskit-card-body ekit-accordion--content\">\n                            Prices are determined by route, distance, vehicle type and number of passengers. Payment can be made in cash or via bank transfer. in cash or via bank transfer.                        <\/div>\n\n                    <\/div>\n\n                <\/div><!-- .elementskit-card END -->\n\n                                        <\/div>\n    <\/div>\t\t\t\t<\/div>\n\t\t\t\t<\/div>\n\t\t\t\t<\/div>\n\t\t\t\t\t<\/div>\n\t\t\t\t<\/div>\n\t\t\t\t<\/div>","protected":false},"excerpt":{"rendered":"<p>Aeroport Transferi Home Aeroportdan Rahat \u00c7atd\u0131r\u0131lma S\u0259yah\u0259tinizi xo\u015f notlarla ba\u015flad\u0131n v\u0259 ya [&hellip;]<\/p>\n","protected":false},"author":1,"featured_media":0,"parent":5751,"menu_order":0,"comment_status":"closed","ping_status":"closed","template":"elementor_header_footer","meta":{"footnotes":""},"class_list":["post-6683","page","type-page","status-publish","hentry"],"_links":{"self":[{"href":"https:\/\/aztransport.az\/en\/wp-json\/wp\/v2\/pages\/6683","targetHints":{"allow":["GET"]}}],"collection":[{"href":"https:\/\/aztransport.az\/en\/wp-json\/wp\/v2\/pages"}],"about":[{"href":"https:\/\/aztransport.az\/en\/wp-json\/wp\/v2\/types\/page"}],"author":[{"embeddable":true,"href":"https:\/\/aztransport.az\/en\/wp-json\/wp\/v2\/users\/1"}],"replies":[{"embeddable":true,"href":"https:\/\/aztransport.az\/en\/wp-json\/wp\/v2\/comments?post=6683"}],"version-history":[{"count":32,"href":"https:\/\/aztransport.az\/en\/wp-json\/wp\/v2\/pages\/6683\/revisions"}],"predecessor-version":[{"id":10665,"href":"https:\/\/aztransport.az\/en\/wp-json\/wp\/v2\/pages\/6683\/revisions\/10665"}],"up":[{"embeddable":true,"href":"https:\/\/aztransport.az\/en\/wp-json\/wp\/v2\/pages\/5751"}],"wp:attachment":[{"href":"https:\/\/aztransport.az\/en\/wp-json\/wp\/v2\/media?parent=6683"}],"curies":[{"name":"wp","href":"https:\/\/api.w.org\/{rel}","templated":true}]}}