{"id":2788,"date":"2024-08-06T08:52:11","date_gmt":"2024-08-06T08:52:11","guid":{"rendered":"http:\/\/192.168.1.111\/projects\/products\/themes\/novaride\/wordpress\/?page_id=2788"},"modified":"2026-03-14T14:22:22","modified_gmt":"2026-03-14T14:22:22","slug":"car-rental-with-driver","status":"publish","type":"page","link":"https:\/\/aztransport.az\/en\/service\/car-rental-with-driver\/","title":{"rendered":"Car Rental With Driver"},"content":{"rendered":"<div data-elementor-type=\"wp-page\" data-elementor-id=\"2788\" class=\"elementor elementor-2788\">\n\t\t\t\t<div class=\"elementor-element elementor-element-9c5c13e e-con-full e-flex e-con e-parent\" data-id=\"9c5c13e\" data-element_type=\"container\">\n\t\t<div class=\"elementor-element elementor-element-41df74a bg-section e-flex e-con-boxed e-con e-child\" data-id=\"41df74a\" data-element_type=\"container\" data-settings=\"{&quot;background_background&quot;:&quot;classic&quot;}\">\n\t\t\t\t\t<div class=\"e-con-inner\">\n\t\t<div class=\"elementor-element elementor-element-024839b e-con-full e-flex e-con e-child\" data-id=\"024839b\" data-element_type=\"container\">\n\t\t\t\t<div class=\"elementor-element elementor-element-c3bd570 at-heading-animation at-animation-heading-style-3 elementor-widget elementor-widget-heading\" data-id=\"c3bd570\" data-element_type=\"widget\" data-settings=\"{&quot;ekit_we_effect_on&quot;:&quot;none&quot;}\" data-widget_type=\"heading.default\">\n\t\t\t\t\t<h1 class=\"elementor-heading-title elementor-size-default\">Car rental with driver<\/h1>\t\t\t\t<\/div>\n\t\t\t\t<div class=\"elementor-element elementor-element-c1edb20 breadcrumb-style elementor-invisible elementor-widget elementor-widget-elementskit-breadcrumb\" data-id=\"c1edb20\" data-element_type=\"widget\" data-settings=\"{&quot;_animation&quot;:&quot;fadeInUp&quot;,&quot;ekit_we_effect_on&quot;:&quot;none&quot;}\" data-widget_type=\"elementskit-breadcrumb.default\">\n\t\t\t\t<div class=\"elementor-widget-container\">\n\t\t\t\t\t<div class=\"ekit-wid-con\" ><ol class=\"ekit-breadcrumb\"><li class=\"ekit_breadcrumbs_start\"><a href=\"https:\/\/aztransport.az\/en\/\">Home<\/a><\/li> <li class=\"brd_sep\"><span class=\"separate_icon\"><svg xmlns=\"http:\/\/www.w3.org\/2000\/svg\" width=\"7\" height=\"12\" viewbox=\"0 0 7 12\"><path d=\"M0.283883 11.68L4.95988 0.129999H6.70988L2.03388 11.68H0.283883Z\" fill=\"white\"><\/path><\/svg><\/span><\/li> <li><a href=\"https:\/\/aztransport.az\/en\/service\/\" title=\"Service\">Service<\/a><\/li> <li class=\"brd_sep\"><span class=\"separate_icon\"><svg xmlns=\"http:\/\/www.w3.org\/2000\/svg\" width=\"7\" height=\"12\" viewbox=\"0 0 7 12\"><path d=\"M0.283883 11.68L4.95988 0.129999H6.70988L2.03388 11.68H0.283883Z\" fill=\"white\"><\/path><\/svg><\/span><\/li>  <li>Car Rental With Driver<\/li><\/ol><\/div>\t\t\t\t<\/div>\n\t\t\t\t<\/div>\n\t\t\t\t<\/div>\n\t\t\t\t\t<\/div>\n\t\t\t\t<\/div>\n\t\t\t\t<\/div>\n\t\t<div class=\"elementor-element elementor-element-585283d e-flex e-con-boxed e-con e-parent\" data-id=\"585283d\" data-element_type=\"container\">\n\t\t\t\t\t<div class=\"e-con-inner\">\n\t\t<div class=\"elementor-element elementor-element-334a460 e-con-full e-flex e-con e-child\" data-id=\"334a460\" data-element_type=\"container\">\n\t\t<div class=\"elementor-element elementor-element-2695c89 e-con-full sticky-column e-flex e-con e-child\" data-id=\"2695c89\" data-element_type=\"container\">\n\t\t\t\t<div class=\"elementor-element elementor-element-0a1453d elementor-widget elementor-widget-novaride-elementor-template\" data-id=\"0a1453d\" data-element_type=\"widget\" data-settings=\"{&quot;ekit_we_effect_on&quot;:&quot;none&quot;}\" data-widget_type=\"novaride-elementor-template.default\">\n\t\t\t\t<div class=\"elementor-widget-container\">\n\t\t\t\t\t\t\t<div class=\"elementor-template\">\n\t\t\t\t\t<\/div>\n\t\t\t\t\t\t<\/div>\n\t\t\t\t<\/div>\n\t\t\t\t<\/div>\n\t\t\t\t<\/div>\n\t\t<div class=\"elementor-element elementor-element-ba8132e e-con-full e-flex e-con e-child\" data-id=\"ba8132e\" data-element_type=\"container\">\n\t\t<div class=\"elementor-element elementor-element-c94077a e-con-full e-flex e-con e-child\" data-id=\"c94077a\" data-element_type=\"container\">\n\t\t\t\t<div class=\"elementor-element elementor-element-88a3b86 image-anime at-image-animation at-animation-image-style-1 elementor-widget elementor-widget-image\" data-id=\"88a3b86\" data-element_type=\"widget\" data-settings=\"{&quot;ekit_we_effect_on&quot;:&quot;none&quot;}\" data-widget_type=\"image.default\">\n\t\t\t\t\t\t\t\t\t\t\t\t\t\t\t<img fetchpriority=\"high\" decoding=\"async\" width=\"2560\" height=\"1252\" src=\"https:\/\/aztransport.az\/wp-content\/uploads\/2026\/02\/rent-with-driver-scaled.png\" class=\"attachment-full size-full wp-image-9417\" alt=\"atlantis transport private driver\" srcset=\"https:\/\/aztransport.az\/wp-content\/uploads\/2026\/02\/rent-with-driver-scaled.png 2560w, https:\/\/aztransport.az\/wp-content\/uploads\/2026\/02\/rent-with-driver-300x147.png 300w, https:\/\/aztransport.az\/wp-content\/uploads\/2026\/02\/rent-with-driver-1024x501.png 1024w, https:\/\/aztransport.az\/wp-content\/uploads\/2026\/02\/rent-with-driver-768x376.png 768w, https:\/\/aztransport.az\/wp-content\/uploads\/2026\/02\/rent-with-driver-1536x751.png 1536w, https:\/\/aztransport.az\/wp-content\/uploads\/2026\/02\/rent-with-driver-2048x1001.png 2048w, https:\/\/aztransport.az\/wp-content\/uploads\/2026\/02\/rent-with-driver-18x9.png 18w, https:\/\/aztransport.az\/wp-content\/uploads\/2026\/02\/rent-with-driver-410x200.png 410w\" sizes=\"(max-width: 2560px) 100vw, 2560px\" \/>\t\t\t\t\t\t\t\t\t\t\t\t\t\t\t<\/div>\n\t\t\t\t<\/div>\n\t\t<div class=\"elementor-element elementor-element-4e9434e e-con-full e-flex e-con e-child\" data-id=\"4e9434e\" data-element_type=\"container\">\n\t\t\t\t<div class=\"elementor-element elementor-element-51e748c at-heading-animation at-animation-heading-style-3 elementor-widget elementor-widget-heading\" data-id=\"51e748c\" data-element_type=\"widget\" data-settings=\"{&quot;ekit_we_effect_on&quot;:&quot;none&quot;}\" data-widget_type=\"heading.default\">\n\t\t\t\t\t<h2 class=\"elementor-heading-title elementor-size-default\">Travel Comfortably and Stress-Free<\/h2>\t\t\t\t<\/div>\n\t\t\t\t<div class=\"elementor-element elementor-element-ca37462 elementor-invisible elementor-widget elementor-widget-text-editor\" data-id=\"ca37462\" data-element_type=\"widget\" data-settings=\"{&quot;_animation&quot;:&quot;fadeInUp&quot;,&quot;_animation_delay&quot;:100,&quot;ekit_we_effect_on&quot;:&quot;none&quot;}\" data-widget_type=\"text-editor.default\">\n\t\t\t\t\t\t\t\t\t<div class=\"elementor-element elementor-element-4e9434e e-con-full e-flex e-con e-child\" data-id=\"4e9434e\" data-element_type=\"container\"><div class=\"elementor-element elementor-element-ca37462 elementor-widget elementor-widget-text-editor animated fadeInUp\" data-id=\"ca37462\" data-element_type=\"widget\" data-settings=\"{&quot;_animation&quot;:&quot;fadeInUp&quot;,&quot;_animation_delay&quot;:100,&quot;ekit_we_effect_on&quot;:&quot;none&quot;}\" data-widget_type=\"text-editor.default\"><p>Experience maximum comfort with our professional chauffeur service. Whether you're in an unfamiliar city or just want to escape the stress of traffic and enjoy the scenery \u2013 our experienced drivers will ensure your trip runs smoothly. While you relax in a luxury car, we take care of navigation and parking.<\/p><\/div><\/div>\t\t\t\t\t\t\t\t<\/div>\n\t\t\t\t<\/div>\n\t\t<div class=\"elementor-element elementor-element-4bf166c e-con-full e-flex e-con e-child\" data-id=\"4bf166c\" data-element_type=\"container\">\n\t\t\t\t<div class=\"elementor-element elementor-element-bc31644 elementor-align-left column-2 elementor-icon-list--layout-traditional elementor-list-item-link-full_width elementor-invisible elementor-widget elementor-widget-icon-list\" data-id=\"bc31644\" data-element_type=\"widget\" data-settings=\"{&quot;_animation&quot;:&quot;fadeInUp&quot;,&quot;_animation_delay&quot;:100,&quot;ekit_we_effect_on&quot;:&quot;none&quot;}\" data-widget_type=\"icon-list.default\">\n\t\t\t\t\t\t\t<ul class=\"elementor-icon-list-items\">\n\t\t\t\t\t\t\t<li class=\"elementor-icon-list-item\">\n\t\t\t\t\t\t\t\t\t\t\t<span class=\"elementor-icon-list-icon\">\n\t\t\t\t\t\t\t<i aria-hidden=\"true\" class=\"fas fa-check-circle\"><\/i>\t\t\t\t\t\t<\/span>\n\t\t\t\t\t\t\t\t\t\t<span class=\"elementor-icon-list-text\">Professional drivers<\/span>\n\t\t\t\t\t\t\t\t\t<\/li>\n\t\t\t\t\t\t\t\t<li class=\"elementor-icon-list-item\">\n\t\t\t\t\t\t\t\t\t\t\t<span class=\"elementor-icon-list-icon\">\n\t\t\t\t\t\t\t<i aria-hidden=\"true\" class=\"fas fa-check-circle\"><\/i>\t\t\t\t\t\t<\/span>\n\t\t\t\t\t\t\t\t\t\t<span class=\"elementor-icon-list-text\">No traffic jam stress<\/span>\n\t\t\t\t\t\t\t\t\t<\/li>\n\t\t\t\t\t\t\t\t<li class=\"elementor-icon-list-item\">\n\t\t\t\t\t\t\t\t\t\t\t<span class=\"elementor-icon-list-icon\">\n\t\t\t\t\t\t\t<i aria-hidden=\"true\" class=\"fas fa-check-circle\"><\/i>\t\t\t\t\t\t<\/span>\n\t\t\t\t\t\t\t\t\t\t<span class=\"elementor-icon-list-text\">Travel comfortably<\/span>\n\t\t\t\t\t\t\t\t\t<\/li>\n\t\t\t\t\t\t\t\t<li class=\"elementor-icon-list-item\">\n\t\t\t\t\t\t\t\t\t\t\t<span class=\"elementor-icon-list-icon\">\n\t\t\t\t\t\t\t<i aria-hidden=\"true\" class=\"fas fa-check-circle\"><\/i>\t\t\t\t\t\t<\/span>\n\t\t\t\t\t\t\t\t\t\t<span class=\"elementor-icon-list-text\">Local navigation expert<\/span>\n\t\t\t\t\t\t\t\t\t<\/li>\n\t\t\t\t\t\t<\/ul>\n\t\t\t\t\t\t<\/div>\n\t\t\t\t<\/div>\n\t\t<div class=\"elementor-element elementor-element-5444171 e-con-full e-flex e-con e-child\" data-id=\"5444171\" data-element_type=\"container\">\n\t\t\t\t<div class=\"elementor-element elementor-element-ca31350 section-title at-heading-animation at-animation-heading-none elementor-invisible elementor-widget elementor-widget-heading\" data-id=\"ca31350\" data-element_type=\"widget\" data-settings=\"{&quot;_animation&quot;:&quot;fadeInUp&quot;,&quot;ekit_we_effect_on&quot;:&quot;none&quot;}\" data-widget_type=\"heading.default\">\n\t\t\t\t\t<h3 class=\"elementor-heading-title elementor-size-default\">Frequently asked questions<\/h3>\t\t\t\t<\/div>\n\t\t\t\t<div class=\"elementor-element elementor-element-f99f6cf at-heading-animation at-animation-heading-style-3 elementor-widget elementor-widget-heading\" data-id=\"f99f6cf\" data-element_type=\"widget\" data-settings=\"{&quot;ekit_we_effect_on&quot;:&quot;none&quot;}\" data-widget_type=\"heading.default\">\n\t\t\t\t\t<h2 class=\"elementor-heading-title elementor-size-default\">Basic information you need to know<\/h2>\t\t\t\t<\/div>\n\t\t\t\t<div class=\"elementor-element elementor-element-c037efe faq-accordion elementor-invisible elementor-widget elementor-widget-elementskit-accordion\" data-id=\"c037efe\" data-element_type=\"widget\" data-settings=\"{&quot;_animation&quot;:&quot;fadeInUp&quot;,&quot;_animation_delay&quot;:100,&quot;ekit_we_effect_on&quot;:&quot;none&quot;}\" data-widget_type=\"elementskit-accordion.default\">\n\t\t\t\t\t<div class=\"ekit-wid-con\" >\n        <div class=\"elementskit-accordion accoedion-primary\" id=\"accordion-69d11b7a9d9f3\">\n\n            \n                <div class=\"elementskit-card active\">\n                    <div class=\"elementskit-card-header\" id=\"primaryHeading-0-c037efe\">\n                        <a href=\"#collapse-41520fb69d11b7a9d9f3\" class=\"ekit-accordion--toggler elementskit-btn-link collapsed\" data-ekit-toggle=\"collapse\" data-target=\"#Collapse-41520fb69d11b7a9d9f3\" aria-expanded=\"true\" aria-controls=\"Collapse-41520fb69d11b7a9d9f3\">\n                            \n                            <span class=\"ekit-accordion-title\">Are your drivers professional?<\/span>\n\n                            \n                                <div class=\"ekit_accordion_icon_group\">\n                                    <div class=\"ekit_accordion_normal_icon\">\n                                        <!-- Normal Icon -->\n\t\t\t\t\t\t\t\t\t\t<i class=\"fas fa-plus\"><\/i>                                    <\/div>\n\n                                    <div class=\"ekit_accordion_active_icon\">\n                                        <!-- Active Icon -->\n\t\t\t\t\t\t\t\t\t\t<i class=\"fas fa-minus\"><\/i>                                    <\/div>\n                                <\/div>\n\n                            \n                                                    <\/a>\n                    <\/div>\n\n                    <div id=\"Collapse-41520fb69d11b7a9d9f3\" class=\"show collapse\" aria-labelledby=\"primaryHeading-0-c037efe\" data-parent=\"#accordion-69d11b7a9d9f3\">\n\n                        <div class=\"elementskit-card-body ekit-accordion--content\">\n                            Yes, all our drivers are experienced and trained in customer satisfaction.                        <\/div>\n\n                    <\/div>\n\n                <\/div><!-- .elementskit-card END -->\n\n                \n                <div class=\"elementskit-card\">\n                    <div class=\"elementskit-card-header\" id=\"primaryHeading-1-c037efe\">\n                        <a href=\"#collapse-6f0fa8769d11b7a9d9f3\" class=\"ekit-accordion--toggler elementskit-btn-link collapsed\" data-ekit-toggle=\"collapse\" data-target=\"#Collapse-6f0fa8769d11b7a9d9f3\" aria-expanded=\"false\" aria-controls=\"Collapse-6f0fa8769d11b7a9d9f3\">\n                            \n                            <span class=\"ekit-accordion-title\">How can I book a transfer?<\/span>\n\n                            \n                                <div class=\"ekit_accordion_icon_group\">\n                                    <div class=\"ekit_accordion_normal_icon\">\n                                        <!-- Normal Icon -->\n\t\t\t\t\t\t\t\t\t\t<i class=\"fas fa-plus\"><\/i>                                    <\/div>\n\n                                    <div class=\"ekit_accordion_active_icon\">\n                                        <!-- Active Icon -->\n\t\t\t\t\t\t\t\t\t\t<i class=\"fas fa-minus\"><\/i>                                    <\/div>\n                                <\/div>\n\n                            \n                                                    <\/a>\n                    <\/div>\n\n                    <div id=\"Collapse-6f0fa8769d11b7a9d9f3\" class=\"collapse\" aria-labelledby=\"primaryHeading-1-c037efe\" data-parent=\"#accordion-69d11b7a9d9f3\">\n\n                        <div class=\"elementskit-card-body ekit-accordion--content\">\n                            You can make a reservation through the \"Make a Reservation\" section on the website or by contacting us by phone\/WhatsApp.\n                        <\/div>\n\n                    <\/div>\n\n                <\/div><!-- .elementskit-card END -->\n\n                \n                <div class=\"elementskit-card\">\n                    <div class=\"elementskit-card-header\" id=\"primaryHeading-2-c037efe\">\n                        <a href=\"#collapse-8b7c7b469d11b7a9d9f3\" class=\"ekit-accordion--toggler elementskit-btn-link collapsed\" data-ekit-toggle=\"collapse\" data-target=\"#Collapse-8b7c7b469d11b7a9d9f3\" aria-expanded=\"false\" aria-controls=\"Collapse-8b7c7b469d11b7a9d9f3\">\n                            \n                            <span class=\"ekit-accordion-title\">What areas do you provide services in?<\/span>\n\n                            \n                                <div class=\"ekit_accordion_icon_group\">\n                                    <div class=\"ekit_accordion_normal_icon\">\n                                        <!-- Normal Icon -->\n\t\t\t\t\t\t\t\t\t\t<i class=\"fas fa-plus\"><\/i>                                    <\/div>\n\n                                    <div class=\"ekit_accordion_active_icon\">\n                                        <!-- Active Icon -->\n\t\t\t\t\t\t\t\t\t\t<i class=\"fas fa-minus\"><\/i>                                    <\/div>\n                                <\/div>\n\n                            \n                                                    <\/a>\n                    <\/div>\n\n                    <div id=\"Collapse-8b7c7b469d11b7a9d9f3\" class=\"collapse\" aria-labelledby=\"primaryHeading-2-c037efe\" data-parent=\"#accordion-69d11b7a9d9f3\">\n\n                        <div class=\"elementskit-card-body ekit-accordion--content\">\n                            We provide individual and group transportation to the airport, Baku city, and all regions.                        <\/div>\n\n                    <\/div>\n\n                <\/div><!-- .elementskit-card END -->\n\n                \n                <div class=\"elementskit-card\">\n                    <div class=\"elementskit-card-header\" id=\"primaryHeading-3-c037efe\">\n                        <a href=\"#collapse-3bc9f3b69d11b7a9d9f3\" class=\"ekit-accordion--toggler elementskit-btn-link collapsed\" data-ekit-toggle=\"collapse\" data-target=\"#Collapse-3bc9f3b69d11b7a9d9f3\" aria-expanded=\"false\" aria-controls=\"Collapse-3bc9f3b69d11b7a9d9f3\">\n                            \n                            <span class=\"ekit-accordion-title\">How is the price calculated and what are the payment methods?<\/span>\n\n                            \n                                <div class=\"ekit_accordion_icon_group\">\n                                    <div class=\"ekit_accordion_normal_icon\">\n                                        <!-- Normal Icon -->\n\t\t\t\t\t\t\t\t\t\t<i class=\"fas fa-plus\"><\/i>                                    <\/div>\n\n                                    <div class=\"ekit_accordion_active_icon\">\n                                        <!-- Active Icon -->\n\t\t\t\t\t\t\t\t\t\t<i class=\"fas fa-minus\"><\/i>                                    <\/div>\n                                <\/div>\n\n                            \n                                                    <\/a>\n                    <\/div>\n\n                    <div id=\"Collapse-3bc9f3b69d11b7a9d9f3\" class=\"collapse\" aria-labelledby=\"primaryHeading-3-c037efe\" data-parent=\"#accordion-69d11b7a9d9f3\">\n\n                        <div class=\"elementskit-card-body ekit-accordion--content\">\n                            Prices are determined by route, distance, vehicle type and number of passengers. Payment can be made in cash or via bank transfer. in cash or via bank transfer.                        <\/div>\n\n                    <\/div>\n\n                <\/div><!-- .elementskit-card END -->\n\n                                        <\/div>\n    <\/div>\t\t\t\t<\/div>\n\t\t\t\t<\/div>\n\t\t\t\t<\/div>\n\t\t\t\t\t<\/div>\n\t\t\t\t<\/div>\n\t\t\t\t<\/div>","protected":false},"excerpt":{"rendered":"<p>S\u00fcr\u00fcc\u00fc il\u0259 avtomobil icar\u0259si Home Rahat v\u0259 Stressiz S\u0259yah\u0259t Edin Pe\u015f\u0259kar s\u00fcr\u00fcc\u00fc [&hellip;]<\/p>\n","protected":false},"author":1,"featured_media":0,"parent":5751,"menu_order":0,"comment_status":"closed","ping_status":"closed","template":"elementor_header_footer","meta":{"footnotes":""},"class_list":["post-2788","page","type-page","status-publish","hentry"],"_links":{"self":[{"href":"https:\/\/aztransport.az\/en\/wp-json\/wp\/v2\/pages\/2788","targetHints":{"allow":["GET"]}}],"collection":[{"href":"https:\/\/aztransport.az\/en\/wp-json\/wp\/v2\/pages"}],"about":[{"href":"https:\/\/aztransport.az\/en\/wp-json\/wp\/v2\/types\/page"}],"author":[{"embeddable":true,"href":"https:\/\/aztransport.az\/en\/wp-json\/wp\/v2\/users\/1"}],"replies":[{"embeddable":true,"href":"https:\/\/aztransport.az\/en\/wp-json\/wp\/v2\/comments?post=2788"}],"version-history":[{"count":34,"href":"https:\/\/aztransport.az\/en\/wp-json\/wp\/v2\/pages\/2788\/revisions"}],"predecessor-version":[{"id":10626,"href":"https:\/\/aztransport.az\/en\/wp-json\/wp\/v2\/pages\/2788\/revisions\/10626"}],"up":[{"embeddable":true,"href":"https:\/\/aztransport.az\/en\/wp-json\/wp\/v2\/pages\/5751"}],"wp:attachment":[{"href":"https:\/\/aztransport.az\/en\/wp-json\/wp\/v2\/media?parent=2788"}],"curies":[{"name":"wp","href":"https:\/\/api.w.org\/{rel}","templated":true}]}}