{"id":10411,"date":"2026-02-26T09:17:16","date_gmt":"2026-02-26T09:17:16","guid":{"rendered":"https:\/\/aztransport.az\/?page_id=10411"},"modified":"2026-03-13T06:12:57","modified_gmt":"2026-03-13T06:12:57","slug":"school-bus","status":"publish","type":"page","link":"https:\/\/aztransport.az\/en\/service\/school-bus\/","title":{"rendered":"School bus"},"content":{"rendered":"<div data-elementor-type=\"wp-page\" data-elementor-id=\"10411\" class=\"elementor elementor-10411\">\n\t\t\t\t<div class=\"elementor-element elementor-element-7ff409f e-flex e-con-boxed e-con e-parent\" data-id=\"7ff409f\" data-element_type=\"container\">\n\t\t\t\t\t<div class=\"e-con-inner\">\n\t\t<div class=\"elementor-element elementor-element-9608de5 e-con-full e-flex e-con e-child\" data-id=\"9608de5\" data-element_type=\"container\">\n\t\t<div class=\"elementor-element elementor-element-743bbea e-con-full sticky-column e-flex e-con e-child\" data-id=\"743bbea\" data-element_type=\"container\">\n\t\t\t\t<div class=\"elementor-element elementor-element-c9e92bd elementor-widget elementor-widget-novaride-elementor-template\" data-id=\"c9e92bd\" data-element_type=\"widget\" data-settings=\"{&quot;ekit_we_effect_on&quot;:&quot;none&quot;}\" data-widget_type=\"novaride-elementor-template.default\">\n\t\t\t\t<div class=\"elementor-widget-container\">\n\t\t\t\t\t\t\t<div class=\"elementor-template\">\n\t\t\t\t\t<\/div>\n\t\t\t\t\t\t<\/div>\n\t\t\t\t<\/div>\n\t\t\t\t<\/div>\n\t\t\t\t<\/div>\n\t\t<div class=\"elementor-element elementor-element-cd64e0f e-con-full e-flex e-con e-child\" data-id=\"cd64e0f\" data-element_type=\"container\">\n\t\t<div class=\"elementor-element elementor-element-8b38923 e-con-full e-flex e-con e-child\" data-id=\"8b38923\" data-element_type=\"container\">\n\t\t\t\t<div class=\"elementor-element elementor-element-23fdfae image-anime at-image-animation at-animation-image-style-1 elementor-widget elementor-widget-image\" data-id=\"23fdfae\" data-element_type=\"widget\" data-settings=\"{&quot;ekit_we_effect_on&quot;:&quot;none&quot;}\" data-widget_type=\"image.default\">\n\t\t\t\t\t\t\t\t\t\t\t\t\t\t\t<img fetchpriority=\"high\" decoding=\"async\" width=\"1376\" height=\"684\" src=\"https:\/\/aztransport.az\/wp-content\/uploads\/2026\/02\/school-bus.jpg\" class=\"attachment-full size-full wp-image-10426\" alt=\"\" srcset=\"https:\/\/aztransport.az\/wp-content\/uploads\/2026\/02\/school-bus.jpg 1376w, https:\/\/aztransport.az\/wp-content\/uploads\/2026\/02\/school-bus-300x149.jpg 300w, https:\/\/aztransport.az\/wp-content\/uploads\/2026\/02\/school-bus-1024x509.jpg 1024w, https:\/\/aztransport.az\/wp-content\/uploads\/2026\/02\/school-bus-768x382.jpg 768w, https:\/\/aztransport.az\/wp-content\/uploads\/2026\/02\/school-bus-18x9.jpg 18w, https:\/\/aztransport.az\/wp-content\/uploads\/2026\/02\/school-bus-410x204.jpg 410w\" sizes=\"(max-width: 1376px) 100vw, 1376px\" \/>\t\t\t\t\t\t\t\t\t\t\t\t\t\t\t<\/div>\n\t\t\t\t<\/div>\n\t\t<div class=\"elementor-element elementor-element-27d1ff9 e-con-full e-flex e-con e-child\" data-id=\"27d1ff9\" data-element_type=\"container\">\n\t\t\t\t<div class=\"elementor-element elementor-element-ab843f4 at-heading-animation at-animation-heading-style-3 elementor-widget elementor-widget-heading\" data-id=\"ab843f4\" data-element_type=\"widget\" data-settings=\"{&quot;ekit_we_effect_on&quot;:&quot;none&quot;}\" data-widget_type=\"heading.default\">\n\t\t\t\t\t<h2 class=\"elementor-heading-title elementor-size-default\">Safe and comfortable transportation for schoolchildren<\/h2>\t\t\t\t<\/div>\n\t\t\t\t<div class=\"elementor-element elementor-element-36d8d96 elementor-invisible elementor-widget elementor-widget-text-editor\" data-id=\"36d8d96\" data-element_type=\"widget\" data-settings=\"{&quot;_animation&quot;:&quot;fadeInUp&quot;,&quot;_animation_delay&quot;:100,&quot;ekit_we_effect_on&quot;:&quot;none&quot;}\" data-widget_type=\"text-editor.default\">\n\t\t\t\t\t\t\t\t\tOur school passenger transportation service is organized with the safety and comfort of children in mind. With our experienced and responsible drivers and school buses that meet modern standards, students are safely transported from home to school and back. Parents can rest assured \u2014 the entire process, from route planning to daily supervision, is professionally managed. With a spacious interior, comfortable seats and enhanced security systems, every trip is safe.\t\t\t\t\t\t\t\t<\/div>\n\t\t\t\t<\/div>\n\t\t<div class=\"elementor-element elementor-element-dc2c751 e-con-full e-flex e-con e-child\" data-id=\"dc2c751\" data-element_type=\"container\">\n\t\t\t\t<div class=\"elementor-element elementor-element-4c4fff4 elementor-align-left column-2 elementor-icon-list--layout-traditional elementor-list-item-link-full_width elementor-invisible elementor-widget elementor-widget-icon-list\" data-id=\"4c4fff4\" data-element_type=\"widget\" data-settings=\"{&quot;_animation&quot;:&quot;fadeInUp&quot;,&quot;_animation_delay&quot;:100,&quot;ekit_we_effect_on&quot;:&quot;none&quot;}\" data-widget_type=\"icon-list.default\">\n\t\t\t\t\t\t\t<ul class=\"elementor-icon-list-items\">\n\t\t\t\t\t\t\t<li class=\"elementor-icon-list-item\">\n\t\t\t\t\t\t\t\t\t\t\t<span class=\"elementor-icon-list-icon\">\n\t\t\t\t\t\t\t<i aria-hidden=\"true\" class=\"fas fa-check-circle\"><\/i>\t\t\t\t\t\t<\/span>\n\t\t\t\t\t\t\t\t\t\t<span class=\"elementor-icon-list-text\">Experienced and responsible drivers<\/span>\n\t\t\t\t\t\t\t\t\t<\/li>\n\t\t\t\t\t\t\t\t<li class=\"elementor-icon-list-item\">\n\t\t\t\t\t\t\t\t\t\t\t<span class=\"elementor-icon-list-icon\">\n\t\t\t\t\t\t\t<i aria-hidden=\"true\" class=\"fas fa-check-circle\"><\/i>\t\t\t\t\t\t<\/span>\n\t\t\t\t\t\t\t\t\t\t<span class=\"elementor-icon-list-text\">Spacious and comfortable salon<\/span>\n\t\t\t\t\t\t\t\t\t<\/li>\n\t\t\t\t\t\t\t\t<li class=\"elementor-icon-list-item\">\n\t\t\t\t\t\t\t\t\t\t\t<span class=\"elementor-icon-list-icon\">\n\t\t\t\t\t\t\t<i aria-hidden=\"true\" class=\"fas fa-check-circle\"><\/i>\t\t\t\t\t\t<\/span>\n\t\t\t\t\t\t\t\t\t\t<span class=\"elementor-icon-list-text\">Regular technical inspection<\/span>\n\t\t\t\t\t\t\t\t\t<\/li>\n\t\t\t\t\t\t\t\t<li class=\"elementor-icon-list-item\">\n\t\t\t\t\t\t\t\t\t\t\t<span class=\"elementor-icon-list-icon\">\n\t\t\t\t\t\t\t<i aria-hidden=\"true\" class=\"fas fa-check-circle\"><\/i>\t\t\t\t\t\t<\/span>\n\t\t\t\t\t\t\t\t\t\t<span class=\"elementor-icon-list-text\">On-time pickup and delivery<\/span>\n\t\t\t\t\t\t\t\t\t<\/li>\n\t\t\t\t\t\t<\/ul>\n\t\t\t\t\t\t<\/div>\n\t\t\t\t<\/div>\n\t\t<div class=\"elementor-element elementor-element-b100ca7 e-con-full e-flex e-con e-child\" data-id=\"b100ca7\" data-element_type=\"container\">\n\t\t\t\t<div class=\"elementor-element elementor-element-677e1ff section-title at-heading-animation at-animation-heading-none elementor-invisible elementor-widget elementor-widget-heading\" data-id=\"677e1ff\" data-element_type=\"widget\" data-settings=\"{&quot;_animation&quot;:&quot;fadeInUp&quot;,&quot;ekit_we_effect_on&quot;:&quot;none&quot;}\" data-widget_type=\"heading.default\">\n\t\t\t\t\t<h3 class=\"elementor-heading-title elementor-size-default\">Frequently asked questions<\/h3>\t\t\t\t<\/div>\n\t\t\t\t<div class=\"elementor-element elementor-element-ca73ee1 at-heading-animation at-animation-heading-style-3 elementor-widget elementor-widget-heading\" data-id=\"ca73ee1\" data-element_type=\"widget\" data-settings=\"{&quot;ekit_we_effect_on&quot;:&quot;none&quot;}\" data-widget_type=\"heading.default\">\n\t\t\t\t\t<h2 class=\"elementor-heading-title elementor-size-default\">Basic information you need to know<\/h2>\t\t\t\t<\/div>\n\t\t\t\t<div class=\"elementor-element elementor-element-8e70b9d faq-accordion elementor-invisible elementor-widget elementor-widget-elementskit-accordion\" data-id=\"8e70b9d\" data-element_type=\"widget\" data-settings=\"{&quot;_animation&quot;:&quot;fadeInUp&quot;,&quot;_animation_delay&quot;:100,&quot;ekit_we_effect_on&quot;:&quot;none&quot;}\" data-widget_type=\"elementskit-accordion.default\">\n\t\t\t\t\t<div class=\"ekit-wid-con\" >\n        <div class=\"elementskit-accordion accoedion-primary\" id=\"accordion-69d24f2bd91ef\">\n\n            \n                <div class=\"elementskit-card active\">\n                    <div class=\"elementskit-card-header\" id=\"primaryHeading-0-8e70b9d\">\n                        <a href=\"#collapse-41520fb69d24f2bd91ef\" class=\"ekit-accordion--toggler elementskit-btn-link collapsed\" data-ekit-toggle=\"collapse\" data-target=\"#Collapse-41520fb69d24f2bd91ef\" aria-expanded=\"true\" aria-controls=\"Collapse-41520fb69d24f2bd91ef\">\n                            \n                            <span class=\"ekit-accordion-title\">Are your drivers professional?<\/span>\n\n                            \n                                <div class=\"ekit_accordion_icon_group\">\n                                    <div class=\"ekit_accordion_normal_icon\">\n                                        <!-- Normal Icon -->\n\t\t\t\t\t\t\t\t\t\t<i class=\"fas fa-plus\"><\/i>                                    <\/div>\n\n                                    <div class=\"ekit_accordion_active_icon\">\n                                        <!-- Active Icon -->\n\t\t\t\t\t\t\t\t\t\t<i class=\"fas fa-minus\"><\/i>                                    <\/div>\n                                <\/div>\n\n                            \n                                                    <\/a>\n                    <\/div>\n\n                    <div id=\"Collapse-41520fb69d24f2bd91ef\" class=\"show collapse\" aria-labelledby=\"primaryHeading-0-8e70b9d\" data-parent=\"#accordion-69d24f2bd91ef\">\n\n                        <div class=\"elementskit-card-body ekit-accordion--content\">\n                            Yes, all our drivers are experienced and trained in customer satisfaction.                        <\/div>\n\n                    <\/div>\n\n                <\/div><!-- .elementskit-card END -->\n\n                \n                <div class=\"elementskit-card\">\n                    <div class=\"elementskit-card-header\" id=\"primaryHeading-1-8e70b9d\">\n                        <a href=\"#collapse-6f0fa8769d24f2bd91ef\" class=\"ekit-accordion--toggler elementskit-btn-link collapsed\" data-ekit-toggle=\"collapse\" data-target=\"#Collapse-6f0fa8769d24f2bd91ef\" aria-expanded=\"false\" aria-controls=\"Collapse-6f0fa8769d24f2bd91ef\">\n                            \n                            <span class=\"ekit-accordion-title\">How can I book a transfer?<\/span>\n\n                            \n                                <div class=\"ekit_accordion_icon_group\">\n                                    <div class=\"ekit_accordion_normal_icon\">\n                                        <!-- Normal Icon -->\n\t\t\t\t\t\t\t\t\t\t<i class=\"fas fa-plus\"><\/i>                                    <\/div>\n\n                                    <div class=\"ekit_accordion_active_icon\">\n                                        <!-- Active Icon -->\n\t\t\t\t\t\t\t\t\t\t<i class=\"fas fa-minus\"><\/i>                                    <\/div>\n                                <\/div>\n\n                            \n                                                    <\/a>\n                    <\/div>\n\n                    <div id=\"Collapse-6f0fa8769d24f2bd91ef\" class=\"collapse\" aria-labelledby=\"primaryHeading-1-8e70b9d\" data-parent=\"#accordion-69d24f2bd91ef\">\n\n                        <div class=\"elementskit-card-body ekit-accordion--content\">\n                            You can make a reservation through the \"Make a Reservation\" section on the website or by contacting us by phone\/WhatsApp.\n                        <\/div>\n\n                    <\/div>\n\n                <\/div><!-- .elementskit-card END -->\n\n                \n                <div class=\"elementskit-card\">\n                    <div class=\"elementskit-card-header\" id=\"primaryHeading-2-8e70b9d\">\n                        <a href=\"#collapse-8b7c7b469d24f2bd91ef\" class=\"ekit-accordion--toggler elementskit-btn-link collapsed\" data-ekit-toggle=\"collapse\" data-target=\"#Collapse-8b7c7b469d24f2bd91ef\" aria-expanded=\"false\" aria-controls=\"Collapse-8b7c7b469d24f2bd91ef\">\n                            \n                            <span class=\"ekit-accordion-title\">What areas do you provide services in?<\/span>\n\n                            \n                                <div class=\"ekit_accordion_icon_group\">\n                                    <div class=\"ekit_accordion_normal_icon\">\n                                        <!-- Normal Icon -->\n\t\t\t\t\t\t\t\t\t\t<i class=\"fas fa-plus\"><\/i>                                    <\/div>\n\n                                    <div class=\"ekit_accordion_active_icon\">\n                                        <!-- Active Icon -->\n\t\t\t\t\t\t\t\t\t\t<i class=\"fas fa-minus\"><\/i>                                    <\/div>\n                                <\/div>\n\n                            \n                                                    <\/a>\n                    <\/div>\n\n                    <div id=\"Collapse-8b7c7b469d24f2bd91ef\" class=\"collapse\" aria-labelledby=\"primaryHeading-2-8e70b9d\" data-parent=\"#accordion-69d24f2bd91ef\">\n\n                        <div class=\"elementskit-card-body ekit-accordion--content\">\n                            We provide individual and group transportation to the airport, Baku city, and all regions.                        <\/div>\n\n                    <\/div>\n\n                <\/div><!-- .elementskit-card END -->\n\n                \n                <div class=\"elementskit-card\">\n                    <div class=\"elementskit-card-header\" id=\"primaryHeading-3-8e70b9d\">\n                        <a href=\"#collapse-3bc9f3b69d24f2bd91ef\" class=\"ekit-accordion--toggler elementskit-btn-link collapsed\" data-ekit-toggle=\"collapse\" data-target=\"#Collapse-3bc9f3b69d24f2bd91ef\" aria-expanded=\"false\" aria-controls=\"Collapse-3bc9f3b69d24f2bd91ef\">\n                            \n                            <span class=\"ekit-accordion-title\">How is the price calculated and what are the payment methods?<\/span>\n\n                            \n                                <div class=\"ekit_accordion_icon_group\">\n                                    <div class=\"ekit_accordion_normal_icon\">\n                                        <!-- Normal Icon -->\n\t\t\t\t\t\t\t\t\t\t<i class=\"fas fa-plus\"><\/i>                                    <\/div>\n\n                                    <div class=\"ekit_accordion_active_icon\">\n                                        <!-- Active Icon -->\n\t\t\t\t\t\t\t\t\t\t<i class=\"fas fa-minus\"><\/i>                                    <\/div>\n                                <\/div>\n\n                            \n                                                    <\/a>\n                    <\/div>\n\n                    <div id=\"Collapse-3bc9f3b69d24f2bd91ef\" class=\"collapse\" aria-labelledby=\"primaryHeading-3-8e70b9d\" data-parent=\"#accordion-69d24f2bd91ef\">\n\n                        <div class=\"elementskit-card-body ekit-accordion--content\">\n                            Prices are determined by route, distance, vehicle type and number of passengers. Payment can be made in cash or via bank transfer. in cash or via bank transfer.                        <\/div>\n\n                    <\/div>\n\n                <\/div><!-- .elementskit-card END -->\n\n                                        <\/div>\n    <\/div>\t\t\t\t<\/div>\n\t\t\t\t<\/div>\n\t\t\t\t<\/div>\n\t\t\t\t\t<\/div>\n\t\t\t\t<\/div>\n\t\t\t\t<\/div>","protected":false},"excerpt":{"rendered":"<p>M\u0259kt\u0259blil\u0259r \u00fc\u00e7\u00fcn t\u0259hl\u00fck\u0259siz v\u0259 rahat n\u0259qliyyat M\u0259kt\u0259bli s\u0259rni\u015fin da\u015f\u0131ma xidm\u0259timiz u\u015faqlar\u0131n t\u0259hl\u00fck\u0259sizliyi [&hellip;]<\/p>\n","protected":false},"author":1,"featured_media":0,"parent":5751,"menu_order":0,"comment_status":"closed","ping_status":"closed","template":"","meta":{"footnotes":""},"class_list":["post-10411","page","type-page","status-publish","hentry"],"_links":{"self":[{"href":"https:\/\/aztransport.az\/en\/wp-json\/wp\/v2\/pages\/10411","targetHints":{"allow":["GET"]}}],"collection":[{"href":"https:\/\/aztransport.az\/en\/wp-json\/wp\/v2\/pages"}],"about":[{"href":"https:\/\/aztransport.az\/en\/wp-json\/wp\/v2\/types\/page"}],"author":[{"embeddable":true,"href":"https:\/\/aztransport.az\/en\/wp-json\/wp\/v2\/users\/1"}],"replies":[{"embeddable":true,"href":"https:\/\/aztransport.az\/en\/wp-json\/wp\/v2\/comments?post=10411"}],"version-history":[{"count":13,"href":"https:\/\/aztransport.az\/en\/wp-json\/wp\/v2\/pages\/10411\/revisions"}],"predecessor-version":[{"id":10586,"href":"https:\/\/aztransport.az\/en\/wp-json\/wp\/v2\/pages\/10411\/revisions\/10586"}],"up":[{"embeddable":true,"href":"https:\/\/aztransport.az\/en\/wp-json\/wp\/v2\/pages\/5751"}],"wp:attachment":[{"href":"https:\/\/aztransport.az\/en\/wp-json\/wp\/v2\/media?parent=10411"}],"curies":[{"name":"wp","href":"https:\/\/api.w.org\/{rel}","templated":true}]}}