{"id":10182,"date":"2026-02-24T19:01:27","date_gmt":"2026-02-24T19:01:27","guid":{"rendered":"https:\/\/aztransport.az\/?page_id=10182"},"modified":"2026-03-13T06:08:24","modified_gmt":"2026-03-13T06:08:24","slug":"transportation-of-employees","status":"publish","type":"page","link":"https:\/\/aztransport.az\/en\/service\/transportation-of-employees\/","title":{"rendered":"Transportation of employees"},"content":{"rendered":"<div data-elementor-type=\"wp-page\" data-elementor-id=\"10182\" class=\"elementor elementor-10182\">\n\t\t\t\t<div class=\"elementor-element elementor-element-93120e1 e-flex e-con-boxed e-con e-parent\" data-id=\"93120e1\" data-element_type=\"container\">\n\t\t\t\t\t<div class=\"e-con-inner\">\n\t\t<div class=\"elementor-element elementor-element-de54f42 e-con-full e-flex e-con e-child\" data-id=\"de54f42\" data-element_type=\"container\">\n\t\t<div class=\"elementor-element elementor-element-45e31bf e-con-full sticky-column e-flex e-con e-child\" data-id=\"45e31bf\" data-element_type=\"container\">\n\t\t\t\t<div class=\"elementor-element elementor-element-81cb11d elementor-widget elementor-widget-novaride-elementor-template\" data-id=\"81cb11d\" data-element_type=\"widget\" data-settings=\"{&quot;ekit_we_effect_on&quot;:&quot;none&quot;}\" data-widget_type=\"novaride-elementor-template.default\">\n\t\t\t\t<div class=\"elementor-widget-container\">\n\t\t\t\t\t\t\t<div class=\"elementor-template\">\n\t\t\t\t\t<\/div>\n\t\t\t\t\t\t<\/div>\n\t\t\t\t<\/div>\n\t\t\t\t<\/div>\n\t\t\t\t<\/div>\n\t\t<div class=\"elementor-element elementor-element-979e334 e-con-full e-flex e-con e-child\" data-id=\"979e334\" data-element_type=\"container\">\n\t\t<div class=\"elementor-element elementor-element-78cb12b e-con-full e-flex e-con e-child\" data-id=\"78cb12b\" data-element_type=\"container\">\n\t\t\t\t<div class=\"elementor-element elementor-element-b5000e2 image-anime at-image-animation at-animation-image-style-1 elementor-widget elementor-widget-image\" data-id=\"b5000e2\" data-element_type=\"widget\" data-settings=\"{&quot;ekit_we_effect_on&quot;:&quot;none&quot;}\" data-widget_type=\"image.default\">\n\t\t\t\t\t\t\t\t\t\t\t\t\t\t\t<img fetchpriority=\"high\" decoding=\"async\" width=\"1376\" height=\"694\" src=\"https:\/\/aztransport.az\/wp-content\/uploads\/2026\/02\/employee-transport.jpg\" class=\"attachment-full size-full wp-image-10217\" alt=\"atlantis transport for employees\" srcset=\"https:\/\/aztransport.az\/wp-content\/uploads\/2026\/02\/employee-transport.jpg 1376w, https:\/\/aztransport.az\/wp-content\/uploads\/2026\/02\/employee-transport-300x151.jpg 300w, https:\/\/aztransport.az\/wp-content\/uploads\/2026\/02\/employee-transport-1024x516.jpg 1024w, https:\/\/aztransport.az\/wp-content\/uploads\/2026\/02\/employee-transport-768x387.jpg 768w, https:\/\/aztransport.az\/wp-content\/uploads\/2026\/02\/employee-transport-18x9.jpg 18w, https:\/\/aztransport.az\/wp-content\/uploads\/2026\/02\/employee-transport-410x207.jpg 410w\" sizes=\"(max-width: 1376px) 100vw, 1376px\" \/>\t\t\t\t\t\t\t\t\t\t\t\t\t\t\t<\/div>\n\t\t\t\t<\/div>\n\t\t<div class=\"elementor-element elementor-element-eb11495 e-con-full e-flex e-con e-child\" data-id=\"eb11495\" data-element_type=\"container\">\n\t\t\t\t<div class=\"elementor-element elementor-element-f561647 at-heading-animation at-animation-heading-style-3 elementor-widget elementor-widget-heading\" data-id=\"f561647\" data-element_type=\"widget\" data-settings=\"{&quot;ekit_we_effect_on&quot;:&quot;none&quot;}\" data-widget_type=\"heading.default\">\n\t\t\t\t\t<h2 class=\"elementor-heading-title elementor-size-default\">Convenient and reliable transportation solution for your organization<\/h2>\t\t\t\t<\/div>\n\t\t\t\t<div class=\"elementor-element elementor-element-2be96fc elementor-invisible elementor-widget elementor-widget-text-editor\" data-id=\"2be96fc\" data-element_type=\"widget\" data-settings=\"{&quot;_animation&quot;:&quot;fadeInUp&quot;,&quot;_animation_delay&quot;:100,&quot;ekit_we_effect_on&quot;:&quot;none&quot;}\" data-widget_type=\"text-editor.default\">\n\t\t\t\t\t\t\t\t\tOur employee transportation service for daily or special events is provided by professional drivers and highly comfortable vehicles. Safety and on-time delivery are our top priorities during the journey. With spacious seats, advanced safety systems and a clean interior, every trip is stress-free and efficient.\t\t\t\t\t\t\t\t<\/div>\n\t\t\t\t<\/div>\n\t\t<div class=\"elementor-element elementor-element-2b93bf5 e-con-full e-flex e-con e-child\" data-id=\"2b93bf5\" data-element_type=\"container\">\n\t\t\t\t<div class=\"elementor-element elementor-element-7eb35c0 elementor-align-left column-2 elementor-icon-list--layout-traditional elementor-list-item-link-full_width elementor-invisible elementor-widget elementor-widget-icon-list\" data-id=\"7eb35c0\" data-element_type=\"widget\" data-settings=\"{&quot;_animation&quot;:&quot;fadeInUp&quot;,&quot;_animation_delay&quot;:100,&quot;ekit_we_effect_on&quot;:&quot;none&quot;}\" data-widget_type=\"icon-list.default\">\n\t\t\t\t\t\t\t<ul class=\"elementor-icon-list-items\">\n\t\t\t\t\t\t\t<li class=\"elementor-icon-list-item\">\n\t\t\t\t\t\t\t\t\t\t\t<span class=\"elementor-icon-list-icon\">\n\t\t\t\t\t\t\t<i aria-hidden=\"true\" class=\"fas fa-check-circle\"><\/i>\t\t\t\t\t\t<\/span>\n\t\t\t\t\t\t\t\t\t\t<span class=\"elementor-icon-list-text\">Comfortable and spacious seats<\/span>\n\t\t\t\t\t\t\t\t\t<\/li>\n\t\t\t\t\t\t\t\t<li class=\"elementor-icon-list-item\">\n\t\t\t\t\t\t\t\t\t\t\t<span class=\"elementor-icon-list-icon\">\n\t\t\t\t\t\t\t<i aria-hidden=\"true\" class=\"fas fa-check-circle\"><\/i>\t\t\t\t\t\t<\/span>\n\t\t\t\t\t\t\t\t\t\t<span class=\"elementor-icon-list-text\">Wi-Fi and Bluetooth connectivity<\/span>\n\t\t\t\t\t\t\t\t\t<\/li>\n\t\t\t\t\t\t\t\t<li class=\"elementor-icon-list-item\">\n\t\t\t\t\t\t\t\t\t\t\t<span class=\"elementor-icon-list-icon\">\n\t\t\t\t\t\t\t<i aria-hidden=\"true\" class=\"fas fa-check-circle\"><\/i>\t\t\t\t\t\t<\/span>\n\t\t\t\t\t\t\t\t\t\t<span class=\"elementor-icon-list-text\">USB charging ports<\/span>\n\t\t\t\t\t\t\t\t\t<\/li>\n\t\t\t\t\t\t\t\t<li class=\"elementor-icon-list-item\">\n\t\t\t\t\t\t\t\t\t\t\t<span class=\"elementor-icon-list-icon\">\n\t\t\t\t\t\t\t<i aria-hidden=\"true\" class=\"fas fa-check-circle\"><\/i>\t\t\t\t\t\t<\/span>\n\t\t\t\t\t\t\t\t\t\t<span class=\"elementor-icon-list-text\">Large luggage space<\/span>\n\t\t\t\t\t\t\t\t\t<\/li>\n\t\t\t\t\t\t<\/ul>\n\t\t\t\t\t\t<\/div>\n\t\t\t\t<\/div>\n\t\t<div class=\"elementor-element elementor-element-b18690b e-con-full e-flex e-con e-child\" data-id=\"b18690b\" data-element_type=\"container\">\n\t\t\t\t<div class=\"elementor-element elementor-element-21b5277 section-title at-heading-animation at-animation-heading-none elementor-invisible elementor-widget elementor-widget-heading\" data-id=\"21b5277\" data-element_type=\"widget\" data-settings=\"{&quot;_animation&quot;:&quot;fadeInUp&quot;,&quot;ekit_we_effect_on&quot;:&quot;none&quot;}\" data-widget_type=\"heading.default\">\n\t\t\t\t\t<h3 class=\"elementor-heading-title elementor-size-default\">Frequently asked questions<\/h3>\t\t\t\t<\/div>\n\t\t\t\t<div class=\"elementor-element elementor-element-7b89c5e at-heading-animation at-animation-heading-style-3 elementor-widget elementor-widget-heading\" data-id=\"7b89c5e\" data-element_type=\"widget\" data-settings=\"{&quot;ekit_we_effect_on&quot;:&quot;none&quot;}\" data-widget_type=\"heading.default\">\n\t\t\t\t\t<h2 class=\"elementor-heading-title elementor-size-default\">Basic information you need to know<\/h2>\t\t\t\t<\/div>\n\t\t\t\t<div class=\"elementor-element elementor-element-3c7c804 faq-accordion elementor-invisible elementor-widget elementor-widget-elementskit-accordion\" data-id=\"3c7c804\" data-element_type=\"widget\" data-settings=\"{&quot;_animation&quot;:&quot;fadeInUp&quot;,&quot;_animation_delay&quot;:100,&quot;ekit_we_effect_on&quot;:&quot;none&quot;}\" data-widget_type=\"elementskit-accordion.default\">\n\t\t\t\t\t<div class=\"ekit-wid-con\" >\n        <div class=\"elementskit-accordion accoedion-primary\" id=\"accordion-69d11b77cf61e\">\n\n            \n                <div class=\"elementskit-card active\">\n                    <div class=\"elementskit-card-header\" id=\"primaryHeading-0-3c7c804\">\n                        <a href=\"#collapse-41520fb69d11b77cf61e\" class=\"ekit-accordion--toggler elementskit-btn-link collapsed\" data-ekit-toggle=\"collapse\" data-target=\"#Collapse-41520fb69d11b77cf61e\" aria-expanded=\"true\" aria-controls=\"Collapse-41520fb69d11b77cf61e\">\n                            \n                            <span class=\"ekit-accordion-title\">Are your drivers professional?<\/span>\n\n                            \n                                <div class=\"ekit_accordion_icon_group\">\n                                    <div class=\"ekit_accordion_normal_icon\">\n                                        <!-- Normal Icon -->\n\t\t\t\t\t\t\t\t\t\t<i class=\"fas fa-plus\"><\/i>                                    <\/div>\n\n                                    <div class=\"ekit_accordion_active_icon\">\n                                        <!-- Active Icon -->\n\t\t\t\t\t\t\t\t\t\t<i class=\"fas fa-minus\"><\/i>                                    <\/div>\n                                <\/div>\n\n                            \n                                                    <\/a>\n                    <\/div>\n\n                    <div id=\"Collapse-41520fb69d11b77cf61e\" class=\"show collapse\" aria-labelledby=\"primaryHeading-0-3c7c804\" data-parent=\"#accordion-69d11b77cf61e\">\n\n                        <div class=\"elementskit-card-body ekit-accordion--content\">\n                            Yes, all our drivers are experienced and trained in customer satisfaction.                        <\/div>\n\n                    <\/div>\n\n                <\/div><!-- .elementskit-card END -->\n\n                \n                <div class=\"elementskit-card\">\n                    <div class=\"elementskit-card-header\" id=\"primaryHeading-1-3c7c804\">\n                        <a href=\"#collapse-6f0fa8769d11b77cf61e\" class=\"ekit-accordion--toggler elementskit-btn-link collapsed\" data-ekit-toggle=\"collapse\" data-target=\"#Collapse-6f0fa8769d11b77cf61e\" aria-expanded=\"false\" aria-controls=\"Collapse-6f0fa8769d11b77cf61e\">\n                            \n                            <span class=\"ekit-accordion-title\">How can I book a transfer?<\/span>\n\n                            \n                                <div class=\"ekit_accordion_icon_group\">\n                                    <div class=\"ekit_accordion_normal_icon\">\n                                        <!-- Normal Icon -->\n\t\t\t\t\t\t\t\t\t\t<i class=\"fas fa-plus\"><\/i>                                    <\/div>\n\n                                    <div class=\"ekit_accordion_active_icon\">\n                                        <!-- Active Icon -->\n\t\t\t\t\t\t\t\t\t\t<i class=\"fas fa-minus\"><\/i>                                    <\/div>\n                                <\/div>\n\n                            \n                                                    <\/a>\n                    <\/div>\n\n                    <div id=\"Collapse-6f0fa8769d11b77cf61e\" class=\"collapse\" aria-labelledby=\"primaryHeading-1-3c7c804\" data-parent=\"#accordion-69d11b77cf61e\">\n\n                        <div class=\"elementskit-card-body ekit-accordion--content\">\n                            You can make a reservation through the \"Make a Reservation\" section on the website or by contacting us by phone\/WhatsApp.\n                        <\/div>\n\n                    <\/div>\n\n                <\/div><!-- .elementskit-card END -->\n\n                \n                <div class=\"elementskit-card\">\n                    <div class=\"elementskit-card-header\" id=\"primaryHeading-2-3c7c804\">\n                        <a href=\"#collapse-8b7c7b469d11b77cf61e\" class=\"ekit-accordion--toggler elementskit-btn-link collapsed\" data-ekit-toggle=\"collapse\" data-target=\"#Collapse-8b7c7b469d11b77cf61e\" aria-expanded=\"false\" aria-controls=\"Collapse-8b7c7b469d11b77cf61e\">\n                            \n                            <span class=\"ekit-accordion-title\">What areas do you provide services in?<\/span>\n\n                            \n                                <div class=\"ekit_accordion_icon_group\">\n                                    <div class=\"ekit_accordion_normal_icon\">\n                                        <!-- Normal Icon -->\n\t\t\t\t\t\t\t\t\t\t<i class=\"fas fa-plus\"><\/i>                                    <\/div>\n\n                                    <div class=\"ekit_accordion_active_icon\">\n                                        <!-- Active Icon -->\n\t\t\t\t\t\t\t\t\t\t<i class=\"fas fa-minus\"><\/i>                                    <\/div>\n                                <\/div>\n\n                            \n                                                    <\/a>\n                    <\/div>\n\n                    <div id=\"Collapse-8b7c7b469d11b77cf61e\" class=\"collapse\" aria-labelledby=\"primaryHeading-2-3c7c804\" data-parent=\"#accordion-69d11b77cf61e\">\n\n                        <div class=\"elementskit-card-body ekit-accordion--content\">\n                            We provide individual and group transportation to the airport, Baku city, and all regions.                        <\/div>\n\n                    <\/div>\n\n                <\/div><!-- .elementskit-card END -->\n\n                \n                <div class=\"elementskit-card\">\n                    <div class=\"elementskit-card-header\" id=\"primaryHeading-3-3c7c804\">\n                        <a href=\"#collapse-3bc9f3b69d11b77cf61e\" class=\"ekit-accordion--toggler elementskit-btn-link collapsed\" data-ekit-toggle=\"collapse\" data-target=\"#Collapse-3bc9f3b69d11b77cf61e\" aria-expanded=\"false\" aria-controls=\"Collapse-3bc9f3b69d11b77cf61e\">\n                            \n                            <span class=\"ekit-accordion-title\">How is the price calculated and what are the payment methods?<\/span>\n\n                            \n                                <div class=\"ekit_accordion_icon_group\">\n                                    <div class=\"ekit_accordion_normal_icon\">\n                                        <!-- Normal Icon -->\n\t\t\t\t\t\t\t\t\t\t<i class=\"fas fa-plus\"><\/i>                                    <\/div>\n\n                                    <div class=\"ekit_accordion_active_icon\">\n                                        <!-- Active Icon -->\n\t\t\t\t\t\t\t\t\t\t<i class=\"fas fa-minus\"><\/i>                                    <\/div>\n                                <\/div>\n\n                            \n                                                    <\/a>\n                    <\/div>\n\n                    <div id=\"Collapse-3bc9f3b69d11b77cf61e\" class=\"collapse\" aria-labelledby=\"primaryHeading-3-3c7c804\" data-parent=\"#accordion-69d11b77cf61e\">\n\n                        <div class=\"elementskit-card-body ekit-accordion--content\">\n                            Prices are determined by route, distance, vehicle type and number of passengers. Payment can be made in cash or via bank transfer. in cash or via bank transfer.                        <\/div>\n\n                    <\/div>\n\n                <\/div><!-- .elementskit-card END -->\n\n                                        <\/div>\n    <\/div>\t\t\t\t<\/div>\n\t\t\t\t<\/div>\n\t\t\t\t<\/div>\n\t\t\t\t\t<\/div>\n\t\t\t\t<\/div>\n\t\t\t\t<\/div>","protected":false},"excerpt":{"rendered":"<p>T\u0259\u015fkilat\u0131n\u0131z \u00fc\u00e7\u00fcn rahat v\u0259 etibarl\u0131 transport h\u0259lli \u0130\u015f\u00e7il\u0259rin g\u00fcnd\u0259lik v\u0259 ya x\u00fcsusi [&hellip;]<\/p>\n","protected":false},"author":1,"featured_media":0,"parent":5751,"menu_order":0,"comment_status":"closed","ping_status":"closed","template":"","meta":{"footnotes":""},"class_list":["post-10182","page","type-page","status-publish","hentry"],"_links":{"self":[{"href":"https:\/\/aztransport.az\/en\/wp-json\/wp\/v2\/pages\/10182","targetHints":{"allow":["GET"]}}],"collection":[{"href":"https:\/\/aztransport.az\/en\/wp-json\/wp\/v2\/pages"}],"about":[{"href":"https:\/\/aztransport.az\/en\/wp-json\/wp\/v2\/types\/page"}],"author":[{"embeddable":true,"href":"https:\/\/aztransport.az\/en\/wp-json\/wp\/v2\/users\/1"}],"replies":[{"embeddable":true,"href":"https:\/\/aztransport.az\/en\/wp-json\/wp\/v2\/comments?post=10182"}],"version-history":[{"count":10,"href":"https:\/\/aztransport.az\/en\/wp-json\/wp\/v2\/pages\/10182\/revisions"}],"predecessor-version":[{"id":10580,"href":"https:\/\/aztransport.az\/en\/wp-json\/wp\/v2\/pages\/10182\/revisions\/10580"}],"up":[{"embeddable":true,"href":"https:\/\/aztransport.az\/en\/wp-json\/wp\/v2\/pages\/5751"}],"wp:attachment":[{"href":"https:\/\/aztransport.az\/en\/wp-json\/wp\/v2\/media?parent=10182"}],"curies":[{"name":"wp","href":"https:\/\/api.w.org\/{rel}","templated":true}]}}