{"id":10180,"date":"2026-02-24T19:00:09","date_gmt":"2026-02-24T19:00:09","guid":{"rendered":"https:\/\/aztransport.az\/?page_id=10180"},"modified":"2026-03-13T06:06:06","modified_gmt":"2026-03-13T06:06:06","slug":"passenger-transportation","status":"publish","type":"page","link":"https:\/\/aztransport.az\/en\/service\/passenger-transportation\/","title":{"rendered":"Passenger transportation"},"content":{"rendered":"<div data-elementor-type=\"wp-page\" data-elementor-id=\"10180\" class=\"elementor elementor-10180\">\n\t\t\t\t<div class=\"elementor-element elementor-element-553661b e-flex e-con-boxed e-con e-parent\" data-id=\"553661b\" data-element_type=\"container\">\n\t\t\t\t\t<div class=\"e-con-inner\">\n\t\t<div class=\"elementor-element elementor-element-cdf31a4 e-con-full e-flex e-con e-child\" data-id=\"cdf31a4\" data-element_type=\"container\">\n\t\t<div class=\"elementor-element elementor-element-a31c4a9 e-con-full sticky-column e-flex e-con e-child\" data-id=\"a31c4a9\" data-element_type=\"container\">\n\t\t\t\t<div class=\"elementor-element elementor-element-7b28e74 elementor-widget elementor-widget-novaride-elementor-template\" data-id=\"7b28e74\" data-element_type=\"widget\" data-settings=\"{&quot;ekit_we_effect_on&quot;:&quot;none&quot;}\" data-widget_type=\"novaride-elementor-template.default\">\n\t\t\t\t<div class=\"elementor-widget-container\">\n\t\t\t\t\t\t\t<div class=\"elementor-template\">\n\t\t\t\t\t<\/div>\n\t\t\t\t\t\t<\/div>\n\t\t\t\t<\/div>\n\t\t\t\t<\/div>\n\t\t\t\t<\/div>\n\t\t<div class=\"elementor-element elementor-element-252a6f9 e-con-full e-flex e-con e-child\" data-id=\"252a6f9\" data-element_type=\"container\">\n\t\t<div class=\"elementor-element elementor-element-11019ca e-con-full e-flex e-con e-child\" data-id=\"11019ca\" data-element_type=\"container\">\n\t\t\t\t<div class=\"elementor-element elementor-element-e08dc9d image-anime at-image-animation at-animation-image-style-1 elementor-widget elementor-widget-image\" data-id=\"e08dc9d\" data-element_type=\"widget\" data-settings=\"{&quot;ekit_we_effect_on&quot;:&quot;none&quot;}\" data-widget_type=\"image.default\">\n\t\t\t\t\t\t\t\t\t\t\t\t\t\t\t<img fetchpriority=\"high\" decoding=\"async\" width=\"1376\" height=\"696\" src=\"https:\/\/aztransport.az\/wp-content\/uploads\/2026\/02\/passenger-transportation.jpg\" class=\"attachment-full size-full wp-image-10221\" alt=\"atlantis transport for people\" srcset=\"https:\/\/aztransport.az\/wp-content\/uploads\/2026\/02\/passenger-transportation.jpg 1376w, https:\/\/aztransport.az\/wp-content\/uploads\/2026\/02\/passenger-transportation-300x152.jpg 300w, https:\/\/aztransport.az\/wp-content\/uploads\/2026\/02\/passenger-transportation-1024x518.jpg 1024w, https:\/\/aztransport.az\/wp-content\/uploads\/2026\/02\/passenger-transportation-768x388.jpg 768w, https:\/\/aztransport.az\/wp-content\/uploads\/2026\/02\/passenger-transportation-18x9.jpg 18w, https:\/\/aztransport.az\/wp-content\/uploads\/2026\/02\/passenger-transportation-410x207.jpg 410w\" sizes=\"(max-width: 1376px) 100vw, 1376px\" \/>\t\t\t\t\t\t\t\t\t\t\t\t\t\t\t<\/div>\n\t\t\t\t<\/div>\n\t\t<div class=\"elementor-element elementor-element-a9c12a4 e-con-full e-flex e-con e-child\" data-id=\"a9c12a4\" data-element_type=\"container\">\n\t\t\t\t<div class=\"elementor-element elementor-element-c4ba3e0 at-heading-animation at-animation-heading-style-3 elementor-widget elementor-widget-heading\" data-id=\"c4ba3e0\" data-element_type=\"widget\" data-settings=\"{&quot;ekit_we_effect_on&quot;:&quot;none&quot;}\" data-widget_type=\"heading.default\">\n\t\t\t\t\t<h2 class=\"elementor-heading-title elementor-size-default\">Make your trip comfortable and safe<\/h2>\t\t\t\t<\/div>\n\t\t\t\t<div class=\"elementor-element elementor-element-6b7fd56 elementor-invisible elementor-widget elementor-widget-text-editor\" data-id=\"6b7fd56\" data-element_type=\"widget\" data-settings=\"{&quot;_animation&quot;:&quot;fadeInUp&quot;,&quot;_animation_delay&quot;:100,&quot;ekit_we_effect_on&quot;:&quot;none&quot;}\" data-widget_type=\"text-editor.default\">\n\t\t\t\t\t\t\t\t\t<p>Our passenger transportation service for groups and individual trips is provided by highly comfortable buses and professional drivers. You just enjoy your trip \u2014 the entire process from route planning to the destination is entrusted to us. With a spacious cabin, comfortable seats and advanced safety systems, every trip is stress-free and safe.<\/p>\t\t\t\t\t\t\t\t<\/div>\n\t\t\t\t<\/div>\n\t\t<div class=\"elementor-element elementor-element-1ef4134 e-con-full e-flex e-con e-child\" data-id=\"1ef4134\" data-element_type=\"container\">\n\t\t\t\t<div class=\"elementor-element elementor-element-d69e823 elementor-align-left column-2 elementor-icon-list--layout-traditional elementor-list-item-link-full_width elementor-invisible elementor-widget elementor-widget-icon-list\" data-id=\"d69e823\" data-element_type=\"widget\" data-settings=\"{&quot;_animation&quot;:&quot;fadeInUp&quot;,&quot;_animation_delay&quot;:100,&quot;ekit_we_effect_on&quot;:&quot;none&quot;}\" data-widget_type=\"icon-list.default\">\n\t\t\t\t\t\t\t<ul class=\"elementor-icon-list-items\">\n\t\t\t\t\t\t\t<li class=\"elementor-icon-list-item\">\n\t\t\t\t\t\t\t\t\t\t\t<span class=\"elementor-icon-list-icon\">\n\t\t\t\t\t\t\t<i aria-hidden=\"true\" class=\"fas fa-check-circle\"><\/i>\t\t\t\t\t\t<\/span>\n\t\t\t\t\t\t\t\t\t\t<span class=\"elementor-icon-list-text\">Comfortable and spacious seats<\/span>\n\t\t\t\t\t\t\t\t\t<\/li>\n\t\t\t\t\t\t\t\t<li class=\"elementor-icon-list-item\">\n\t\t\t\t\t\t\t\t\t\t\t<span class=\"elementor-icon-list-icon\">\n\t\t\t\t\t\t\t<i aria-hidden=\"true\" class=\"fas fa-check-circle\"><\/i>\t\t\t\t\t\t<\/span>\n\t\t\t\t\t\t\t\t\t\t<span class=\"elementor-icon-list-text\">Wi-Fi and Bluetooth connectivity<\/span>\n\t\t\t\t\t\t\t\t\t<\/li>\n\t\t\t\t\t\t\t\t<li class=\"elementor-icon-list-item\">\n\t\t\t\t\t\t\t\t\t\t\t<span class=\"elementor-icon-list-icon\">\n\t\t\t\t\t\t\t<i aria-hidden=\"true\" class=\"fas fa-check-circle\"><\/i>\t\t\t\t\t\t<\/span>\n\t\t\t\t\t\t\t\t\t\t<span class=\"elementor-icon-list-text\">USB charging ports<\/span>\n\t\t\t\t\t\t\t\t\t<\/li>\n\t\t\t\t\t\t\t\t<li class=\"elementor-icon-list-item\">\n\t\t\t\t\t\t\t\t\t\t\t<span class=\"elementor-icon-list-icon\">\n\t\t\t\t\t\t\t<i aria-hidden=\"true\" class=\"fas fa-check-circle\"><\/i>\t\t\t\t\t\t<\/span>\n\t\t\t\t\t\t\t\t\t\t<span class=\"elementor-icon-list-text\">Large luggage space<\/span>\n\t\t\t\t\t\t\t\t\t<\/li>\n\t\t\t\t\t\t<\/ul>\n\t\t\t\t\t\t<\/div>\n\t\t\t\t<\/div>\n\t\t<div class=\"elementor-element elementor-element-69e3b15 e-con-full e-flex e-con e-child\" data-id=\"69e3b15\" data-element_type=\"container\">\n\t\t\t\t<div class=\"elementor-element elementor-element-aefa1be section-title at-heading-animation at-animation-heading-none elementor-invisible elementor-widget elementor-widget-heading\" data-id=\"aefa1be\" data-element_type=\"widget\" data-settings=\"{&quot;_animation&quot;:&quot;fadeInUp&quot;,&quot;ekit_we_effect_on&quot;:&quot;none&quot;}\" data-widget_type=\"heading.default\">\n\t\t\t\t\t<h3 class=\"elementor-heading-title elementor-size-default\">Frequently asked questions<\/h3>\t\t\t\t<\/div>\n\t\t\t\t<div class=\"elementor-element elementor-element-6bb78c4 at-heading-animation at-animation-heading-style-3 elementor-widget elementor-widget-heading\" data-id=\"6bb78c4\" data-element_type=\"widget\" data-settings=\"{&quot;ekit_we_effect_on&quot;:&quot;none&quot;}\" data-widget_type=\"heading.default\">\n\t\t\t\t\t<h2 class=\"elementor-heading-title elementor-size-default\">Basic information you need to know<\/h2>\t\t\t\t<\/div>\n\t\t\t\t<div class=\"elementor-element elementor-element-78e36bb faq-accordion elementor-invisible elementor-widget elementor-widget-elementskit-accordion\" data-id=\"78e36bb\" data-element_type=\"widget\" data-settings=\"{&quot;_animation&quot;:&quot;fadeInUp&quot;,&quot;_animation_delay&quot;:100,&quot;ekit_we_effect_on&quot;:&quot;none&quot;}\" data-widget_type=\"elementskit-accordion.default\">\n\t\t\t\t\t<div class=\"ekit-wid-con\" >\n        <div class=\"elementskit-accordion accoedion-primary\" id=\"accordion-69d11b65e7ae7\">\n\n            \n                <div class=\"elementskit-card active\">\n                    <div class=\"elementskit-card-header\" id=\"primaryHeading-0-78e36bb\">\n                        <a href=\"#collapse-41520fb69d11b65e7ae7\" class=\"ekit-accordion--toggler elementskit-btn-link collapsed\" data-ekit-toggle=\"collapse\" data-target=\"#Collapse-41520fb69d11b65e7ae7\" aria-expanded=\"true\" aria-controls=\"Collapse-41520fb69d11b65e7ae7\">\n                            \n                            <span class=\"ekit-accordion-title\">Are your drivers professional?<\/span>\n\n                            \n                                <div class=\"ekit_accordion_icon_group\">\n                                    <div class=\"ekit_accordion_normal_icon\">\n                                        <!-- Normal Icon -->\n\t\t\t\t\t\t\t\t\t\t<i class=\"fas fa-plus\"><\/i>                                    <\/div>\n\n                                    <div class=\"ekit_accordion_active_icon\">\n                                        <!-- Active Icon -->\n\t\t\t\t\t\t\t\t\t\t<i class=\"fas fa-minus\"><\/i>                                    <\/div>\n                                <\/div>\n\n                            \n                                                    <\/a>\n                    <\/div>\n\n                    <div id=\"Collapse-41520fb69d11b65e7ae7\" class=\"show collapse\" aria-labelledby=\"primaryHeading-0-78e36bb\" data-parent=\"#accordion-69d11b65e7ae7\">\n\n                        <div class=\"elementskit-card-body ekit-accordion--content\">\n                            Yes, all our drivers are experienced and trained in customer satisfaction.                        <\/div>\n\n                    <\/div>\n\n                <\/div><!-- .elementskit-card END -->\n\n                \n                <div class=\"elementskit-card\">\n                    <div class=\"elementskit-card-header\" id=\"primaryHeading-1-78e36bb\">\n                        <a href=\"#collapse-6f0fa8769d11b65e7ae7\" class=\"ekit-accordion--toggler elementskit-btn-link collapsed\" data-ekit-toggle=\"collapse\" data-target=\"#Collapse-6f0fa8769d11b65e7ae7\" aria-expanded=\"false\" aria-controls=\"Collapse-6f0fa8769d11b65e7ae7\">\n                            \n                            <span class=\"ekit-accordion-title\">How can I book a transfer?<\/span>\n\n                            \n                                <div class=\"ekit_accordion_icon_group\">\n                                    <div class=\"ekit_accordion_normal_icon\">\n                                        <!-- Normal Icon -->\n\t\t\t\t\t\t\t\t\t\t<i class=\"fas fa-plus\"><\/i>                                    <\/div>\n\n                                    <div class=\"ekit_accordion_active_icon\">\n                                        <!-- Active Icon -->\n\t\t\t\t\t\t\t\t\t\t<i class=\"fas fa-minus\"><\/i>                                    <\/div>\n                                <\/div>\n\n                            \n                                                    <\/a>\n                    <\/div>\n\n                    <div id=\"Collapse-6f0fa8769d11b65e7ae7\" class=\"collapse\" aria-labelledby=\"primaryHeading-1-78e36bb\" data-parent=\"#accordion-69d11b65e7ae7\">\n\n                        <div class=\"elementskit-card-body ekit-accordion--content\">\n                            You can make a reservation through the \"Make a Reservation\" section on the website or by contacting us by phone\/WhatsApp.\n                        <\/div>\n\n                    <\/div>\n\n                <\/div><!-- .elementskit-card END -->\n\n                \n                <div class=\"elementskit-card\">\n                    <div class=\"elementskit-card-header\" id=\"primaryHeading-2-78e36bb\">\n                        <a href=\"#collapse-8b7c7b469d11b65e7ae7\" class=\"ekit-accordion--toggler elementskit-btn-link collapsed\" data-ekit-toggle=\"collapse\" data-target=\"#Collapse-8b7c7b469d11b65e7ae7\" aria-expanded=\"false\" aria-controls=\"Collapse-8b7c7b469d11b65e7ae7\">\n                            \n                            <span class=\"ekit-accordion-title\">What areas do you provide services in?<\/span>\n\n                            \n                                <div class=\"ekit_accordion_icon_group\">\n                                    <div class=\"ekit_accordion_normal_icon\">\n                                        <!-- Normal Icon -->\n\t\t\t\t\t\t\t\t\t\t<i class=\"fas fa-plus\"><\/i>                                    <\/div>\n\n                                    <div class=\"ekit_accordion_active_icon\">\n                                        <!-- Active Icon -->\n\t\t\t\t\t\t\t\t\t\t<i class=\"fas fa-minus\"><\/i>                                    <\/div>\n                                <\/div>\n\n                            \n                                                    <\/a>\n                    <\/div>\n\n                    <div id=\"Collapse-8b7c7b469d11b65e7ae7\" class=\"collapse\" aria-labelledby=\"primaryHeading-2-78e36bb\" data-parent=\"#accordion-69d11b65e7ae7\">\n\n                        <div class=\"elementskit-card-body ekit-accordion--content\">\n                            We provide individual and group transportation to the airport, Baku city, and all regions.                        <\/div>\n\n                    <\/div>\n\n                <\/div><!-- .elementskit-card END -->\n\n                \n                <div class=\"elementskit-card\">\n                    <div class=\"elementskit-card-header\" id=\"primaryHeading-3-78e36bb\">\n                        <a href=\"#collapse-3bc9f3b69d11b65e7ae7\" class=\"ekit-accordion--toggler elementskit-btn-link collapsed\" data-ekit-toggle=\"collapse\" data-target=\"#Collapse-3bc9f3b69d11b65e7ae7\" aria-expanded=\"false\" aria-controls=\"Collapse-3bc9f3b69d11b65e7ae7\">\n                            \n                            <span class=\"ekit-accordion-title\">How is the price calculated and what are the payment methods?<\/span>\n\n                            \n                                <div class=\"ekit_accordion_icon_group\">\n                                    <div class=\"ekit_accordion_normal_icon\">\n                                        <!-- Normal Icon -->\n\t\t\t\t\t\t\t\t\t\t<i class=\"fas fa-plus\"><\/i>                                    <\/div>\n\n                                    <div class=\"ekit_accordion_active_icon\">\n                                        <!-- Active Icon -->\n\t\t\t\t\t\t\t\t\t\t<i class=\"fas fa-minus\"><\/i>                                    <\/div>\n                                <\/div>\n\n                            \n                                                    <\/a>\n                    <\/div>\n\n                    <div id=\"Collapse-3bc9f3b69d11b65e7ae7\" class=\"collapse\" aria-labelledby=\"primaryHeading-3-78e36bb\" data-parent=\"#accordion-69d11b65e7ae7\">\n\n                        <div class=\"elementskit-card-body ekit-accordion--content\">\n                            Prices are determined by route, distance, vehicle type and number of passengers. Payment can be made in cash or via bank transfer. in cash or via bank transfer.                        <\/div>\n\n                    <\/div>\n\n                <\/div><!-- .elementskit-card END -->\n\n                                        <\/div>\n    <\/div>\t\t\t\t<\/div>\n\t\t\t\t<\/div>\n\t\t\t\t<\/div>\n\t\t\t\t\t<\/div>\n\t\t\t\t<\/div>\n\t\t\t\t<\/div>","protected":false},"excerpt":{"rendered":"<p>S\u0259yah\u0259tinizi rahat v\u0259 t\u0259hl\u00fck\u0259siz edin Qrup v\u0259 f\u0259rdi s\u0259f\u0259rl\u0259r \u00fc\u00e7\u00fcn s\u0259rni\u015fin da\u015f\u0131ma [&hellip;]<\/p>\n","protected":false},"author":1,"featured_media":0,"parent":5751,"menu_order":0,"comment_status":"closed","ping_status":"closed","template":"","meta":{"footnotes":""},"class_list":["post-10180","page","type-page","status-publish","hentry"],"_links":{"self":[{"href":"https:\/\/aztransport.az\/en\/wp-json\/wp\/v2\/pages\/10180","targetHints":{"allow":["GET"]}}],"collection":[{"href":"https:\/\/aztransport.az\/en\/wp-json\/wp\/v2\/pages"}],"about":[{"href":"https:\/\/aztransport.az\/en\/wp-json\/wp\/v2\/types\/page"}],"author":[{"embeddable":true,"href":"https:\/\/aztransport.az\/en\/wp-json\/wp\/v2\/users\/1"}],"replies":[{"embeddable":true,"href":"https:\/\/aztransport.az\/en\/wp-json\/wp\/v2\/comments?post=10180"}],"version-history":[{"count":13,"href":"https:\/\/aztransport.az\/en\/wp-json\/wp\/v2\/pages\/10180\/revisions"}],"predecessor-version":[{"id":10576,"href":"https:\/\/aztransport.az\/en\/wp-json\/wp\/v2\/pages\/10180\/revisions\/10576"}],"up":[{"embeddable":true,"href":"https:\/\/aztransport.az\/en\/wp-json\/wp\/v2\/pages\/5751"}],"wp:attachment":[{"href":"https:\/\/aztransport.az\/en\/wp-json\/wp\/v2\/media?parent=10180"}],"curies":[{"name":"wp","href":"https:\/\/api.w.org\/{rel}","templated":true}]}}